{"id":107,"date":"2019-08-04T21:13:49","date_gmt":"2019-08-04T19:13:49","guid":{"rendered":"http:\/\/fonetyka.info\/?page_id=107"},"modified":"2019-09-29T23:50:58","modified_gmt":"2019-09-29T21:50:58","slug":"fonetyka-niemiecki-metoda-bezposredniej-komunikacji","status":"publish","type":"page","link":"https:\/\/fonetyka.info\/index.php\/niemiecki-angielski-hiszpanski-francuski-wloski-rosyjski-polski\/fonetyka-podreczniki\/fonetyka-niemiecki-metoda-bezposredniej-komunikacji\/","title":{"rendered":"Niemiecki Metod\u0105 Bezpo\u015bredniej Komunikacji"},"content":{"rendered":"\n<p><iframe loading=\"lazy\" src=\"https:\/\/player.vimeo.com\/video\/362992021\" allow=\"autoplay; fullscreen\" allowfullscreen=\"\" width=\"640\" height=\"360\" frameborder=\"0\"><\/iframe><\/p>\n\n\n\n<p><\/p>\n\n\n\n<p>Decyduj\u0105c si\u0119 na nauk\u0119 j\u0119zyka niemieckiego w Fonetyce Szkole J\u0119zyk\u00f3w Obcych, b\u0119d\u0105 Pa\u0144stwo mieli mo\u017cliwo\u015b\u0107 pracowa\u0107 z seri\u0105 podr\u0119cznik\u00f3w specjalnie zadedykowan\u0105 Metodzie Bezpo\u015bredniej Komunikacji (Direct Method). <\/p>\n\n\n\n<p> Seria podr\u0119cznik\u00f3w do niemieckiego sk\u0142ada si\u0119 z sze\u015bciu pozycji opracowanych dla poziom\u00f3w A1-B2. <\/p>\n\n\n\n<div class=\"wp-block-image\"><figure class=\"aligncenter is-resized\"><a href=\"http:\/\/fonetyka.info\/index.php\/niemiecki-angielski-hiszpanski-francuski-wloski-rosyjski-polski\/fonetyka-podreczniki\/fonetyka-niemiecki-metoda-bezposredniej-komunikacji\/fonetyka-niemiecki-grodzisk\/\"><img loading=\"lazy\" src=\"http:\/\/fonetyka.info\/wp-content\/uploads\/2019\/08\/Fonetyka-niemiecki-grodzisk.png\" alt=\"Seria sze\u015bciu podr\u0119cznik\u00f3w do nauki j\u0119zyka niemieckiego w Fonetyce Szkole J\u0119zyk\u00f3w Obcych w Grodzisku Mazowieckim.\" class=\"wp-image-108\" width=\"303\" height=\"347\" srcset=\"https:\/\/fonetyka.info\/wp-content\/uploads\/2019\/08\/Fonetyka-niemiecki-grodzisk.png 700w, https:\/\/fonetyka.info\/wp-content\/uploads\/2019\/08\/Fonetyka-niemiecki-grodzisk-261x300.png 261w\" sizes=\"(max-width: 303px) 100vw, 303px\" \/><\/a><figcaption>Podr\u0119czniki do nauki j\u0119zyka niemieckiego Metod\u0105 Bezpo\u015bredniej Komunikacji.<\/figcaption><\/figure><\/div>\n\n\n\n<p><a href=\"http:\/\/fonetyka.info\/index.php\/niemiecki-angielski-hiszpanski-francuski-wloski-rosyjski-polski\/fonetyka-podreczniki\/fonetyka-niemiecki-metoda-bezposredniej-komunikacji\/fonetyka-niemiecki-dla-dzieci\/\">Niemiecki dla dzieci<\/a><\/p>\n","protected":false},"excerpt":{"rendered":"<p>Decyduj\u0105c si\u0119 na nauk\u0119 j\u0119zyka niemieckiego w Fonetyce Szkole J\u0119zyk\u00f3w Obcych, b\u0119d\u0105 Pa\u0144stwo mieli mo\u017cliwo\u015b\u0107 pracowa\u0107 z seri\u0105 podr\u0119cznik\u00f3w specjalnie zadedykowan\u0105 Metodzie Bezpo\u015bredniej Komunikacji (Direct Method). Seria podr\u0119cznik\u00f3w do niemieckiego sk\u0142ada si\u0119 z sze\u015bciu pozycji opracowanych dla poziom\u00f3w A1-B2. Niemiecki dla dzieci<\/p>\n","protected":false},"author":1,"featured_media":0,"parent":113,"menu_order":2,"comment_status":"closed","ping_status":"closed","template":"","meta":[],"_links":{"self":[{"href":"https:\/\/fonetyka.info\/index.php\/wp-json\/wp\/v2\/pages\/107"}],"collection":[{"href":"https:\/\/fonetyka.info\/index.php\/wp-json\/wp\/v2\/pages"}],"about":[{"href":"https:\/\/fonetyka.info\/index.php\/wp-json\/wp\/v2\/types\/page"}],"author":[{"embeddable":true,"href":"https:\/\/fonetyka.info\/index.php\/wp-json\/wp\/v2\/users\/1"}],"replies":[{"embeddable":true,"href":"https:\/\/fonetyka.info\/index.php\/wp-json\/wp\/v2\/comments?post=107"}],"version-history":[{"count":11,"href":"https:\/\/fonetyka.info\/index.php\/wp-json\/wp\/v2\/pages\/107\/revisions"}],"predecessor-version":[{"id":277,"href":"https:\/\/fonetyka.info\/index.php\/wp-json\/wp\/v2\/pages\/107\/revisions\/277"}],"up":[{"embeddable":true,"href":"https:\/\/fonetyka.info\/index.php\/wp-json\/wp\/v2\/pages\/113"}],"wp:attachment":[{"href":"https:\/\/fonetyka.info\/index.php\/wp-json\/wp\/v2\/media?parent=107"}],"curies":[{"name":"wp","href":"https:\/\/api.w.org\/{rel}","templated":true}]}}