{"id":113,"date":"2019-08-04T21:22:07","date_gmt":"2019-08-04T19:22:07","guid":{"rendered":"http:\/\/fonetyka.info\/?page_id=113"},"modified":"2019-08-05T23:50:34","modified_gmt":"2019-08-05T21:50:34","slug":"fonetyka-podreczniki","status":"publish","type":"page","link":"https:\/\/fonetyka.info\/index.php\/niemiecki-angielski-hiszpanski-francuski-wloski-rosyjski-polski\/fonetyka-podreczniki\/","title":{"rendered":"Podr\u0119czniki"},"content":{"rendered":"\n<h2>Z czego uczymy w Fonetyce Szkole J\u0119zyk\u00f3w Obcych?<\/h2>\n\n\n\n<p>Seria podr\u0119cznik\u00f3w opracowana dla Metody\nBezpo\u015bredniej Komunikacji (Direct Method) cechuje si\u0119:<\/p>\n\n\n\n<ul><li>praktycznym s\u0142ownictwem<\/li><li>interesuj\u0105cymi pytaniami<\/li><li>przyjazn\u0105 grafik\u0105<\/li><li>przejrzystymi elementami  graficznymi<\/li><li> przyjaznym uk\u0142adem stron u\u0142atwiaj\u0105cym prac\u0119 z&nbsp;podr\u0119cznikiem<\/li><li>licznymi \u0107wiczeniami  gramatycznymi<\/li><\/ul>\n\n\n\n<div class=\"wp-block-image\"><figure class=\"aligncenter\"><img loading=\"lazy\" width=\"261\" height=\"300\" src=\"http:\/\/fonetyka.info\/wp-content\/uploads\/2019\/08\/Fonetyka-j\u0119zyki-obce-grodzisk-261x300.png\" alt=\"Fonetyka, niemiecki, angielski, francuski, hiszpa\u0144ski, w\u0142oski, rosyjski, polski\" class=\"wp-image-123\" srcset=\"https:\/\/fonetyka.info\/wp-content\/uploads\/2019\/08\/Fonetyka-j\u0119zyki-obce-grodzisk-261x300.png 261w, https:\/\/fonetyka.info\/wp-content\/uploads\/2019\/08\/Fonetyka-j\u0119zyki-obce-grodzisk-768x883.png 768w, https:\/\/fonetyka.info\/wp-content\/uploads\/2019\/08\/Fonetyka-j\u0119zyki-obce-grodzisk.png 888w\" sizes=\"(max-width: 261px) 100vw, 261px\" \/><\/figure><\/div>\n","protected":false},"excerpt":{"rendered":"<p>Z czego uczymy w Fonetyce Szkole J\u0119zyk\u00f3w Obcych? Seria podr\u0119cznik\u00f3w opracowana dla Metody Bezpo\u015bredniej Komunikacji (Direct Method) cechuje si\u0119: praktycznym s\u0142ownictwem interesuj\u0105cymi pytaniami przyjazn\u0105 grafik\u0105 przejrzystymi elementami graficznymi przyjaznym uk\u0142adem stron u\u0142atwiaj\u0105cym prac\u0119 z&nbsp;podr\u0119cznikiem licznymi \u0107wiczeniami gramatycznymi<\/p>\n","protected":false},"author":1,"featured_media":0,"parent":2,"menu_order":0,"comment_status":"closed","ping_status":"closed","template":"","meta":[],"_links":{"self":[{"href":"https:\/\/fonetyka.info\/index.php\/wp-json\/wp\/v2\/pages\/113"}],"collection":[{"href":"https:\/\/fonetyka.info\/index.php\/wp-json\/wp\/v2\/pages"}],"about":[{"href":"https:\/\/fonetyka.info\/index.php\/wp-json\/wp\/v2\/types\/page"}],"author":[{"embeddable":true,"href":"https:\/\/fonetyka.info\/index.php\/wp-json\/wp\/v2\/users\/1"}],"replies":[{"embeddable":true,"href":"https:\/\/fonetyka.info\/index.php\/wp-json\/wp\/v2\/comments?post=113"}],"version-history":[{"count":8,"href":"https:\/\/fonetyka.info\/index.php\/wp-json\/wp\/v2\/pages\/113\/revisions"}],"predecessor-version":[{"id":137,"href":"https:\/\/fonetyka.info\/index.php\/wp-json\/wp\/v2\/pages\/113\/revisions\/137"}],"up":[{"embeddable":true,"href":"https:\/\/fonetyka.info\/index.php\/wp-json\/wp\/v2\/pages\/2"}],"wp:attachment":[{"href":"https:\/\/fonetyka.info\/index.php\/wp-json\/wp\/v2\/media?parent=113"}],"curies":[{"name":"wp","href":"https:\/\/api.w.org\/{rel}","templated":true}]}}