{"id":127,"date":"2019-08-04T23:49:30","date_gmt":"2019-08-04T21:49:30","guid":{"rendered":"http:\/\/fonetyka.info\/?page_id=127"},"modified":"2022-08-26T11:12:19","modified_gmt":"2022-08-26T09:12:19","slug":"fonetyka-niemiecki-dla-dzieci","status":"publish","type":"page","link":"https:\/\/fonetyka.info\/index.php\/niemiecki-angielski-hiszpanski-francuski-wloski-rosyjski-polski\/fonetyka-podreczniki\/fonetyka-niemiecki-metoda-bezposredniej-komunikacji\/fonetyka-niemiecki-dla-dzieci\/","title":{"rendered":"Niemiecki dla dzieci"},"content":{"rendered":"\n<h2> Deutsch f\u00fcr Kinder<\/h2>\n\n\n\n<p>Podr\u0119czniki  Deutsch f\u00fcr Kinder  dla dzieci w wieku 7-13 lat<\/p>\n\n\n\n<p>Fonetyka Szko\u0142a J\u0119zyk\u00f3w Obcych, oferuje r\u00f3wnie\u017c zaj\u0119cia Metod\u0105 Bezpo\u015bredniej Komunikacji (Direct Method) dla dzieci, korzystaj\u0105c z podr\u0119cznik\u00f3w serii niemiecki dla dzieci (Deutsch f\u00fcr Kinder).<\/p>\n\n\n\n<p>Seria podr\u0119cznik\u00f3w Deutsch f\u00fcr Kinder pozwala na naturalny przebieg nauki, dzi\u0119ki czemu dzieci ucz\u0105 si\u0119 w spos\u00f3b dostosowany do mo\u017cliwo\u015bci poznawczych dziecka. Dzi\u0119ki metodzie prostych pyta\u0144 i odpowiedzi dzieci szybko ucz\u0105 si\u0119 u\u017cywania struktur j\u0119zykowych. Dodatkowo dynamiczny charakter zaj\u0119\u0107 sprawia, \u017ce mali studenci b\u0142yskawicznie wzbogacaj\u0105 swoje umiej\u0119tno\u015bci rozumienia z kontekstu. <\/p>\n\n\n\n<p>Dzieci\nlubi\u0105 nauk\u0119 z podr\u0119cznikami z serii niemiecki dla dzieci (Deutsch\nf\u00fcr Kinder). A to za spraw\u0105 gier aktywizuj\u0105cych i motywuj\u0105cych, kt\u00f3re w po\u0142\u0105czeniu\nz usystematyzowanymi powt\u00f3rkami i pomocami wizualnymi, zapobiegaj\u0105 znu\u017ceniu i\npomagaj\u0105 w utrwalaniu zdobytej wiedzy oraz zapami\u0119tywaniu nowych partii\nmateria\u0142u.<\/p>\n\n\n\n<div class=\"wp-block-image\"><figure class=\"aligncenter is-resized\"><a href=\"http:\/\/fonetyka.info\/index.php\/niemiecki-angielski-hiszpanski-francuski-wloski-rosyjski-polski\/fonetyka-podreczniki\/fonetyka-niemiecki-metoda-bezposredniej-komunikacji\/fonetyka-niemiecki-dla-dzieci\/fonetyka-niemieck-dla-dzieci-grodzisk\/\"><img loading=\"lazy\" src=\"http:\/\/fonetyka.info\/wp-content\/uploads\/2019\/08\/Fonetyka-niemieck-dla-dzieci-grodzisk.png\" alt=\"Seria sze\u015bciu podr\u0119cznik\u00f3w do nauki j\u0119zyka niemieckiego dla dzieci w fonetyce szkole j\u0119zyk\u00f3w obcych w Grodzisku Mazowieckim\" class=\"wp-image-133\" width=\"350\" height=\"402\" srcset=\"https:\/\/fonetyka.info\/wp-content\/uploads\/2019\/08\/Fonetyka-niemieck-dla-dzieci-grodzisk.png 700w, https:\/\/fonetyka.info\/wp-content\/uploads\/2019\/08\/Fonetyka-niemieck-dla-dzieci-grodzisk-261x300.png 261w\" sizes=\"(max-width: 350px) 100vw, 350px\" \/><\/a><figcaption>Podr\u0119czniki do nauki j\u0119zyka niemieckiego dzieci Metod\u0105 Bezpo\u015bredniej Komunikacji.<\/figcaption><\/figure><\/div>\n","protected":false},"excerpt":{"rendered":"<p>Deutsch f\u00fcr Kinder Podr\u0119czniki Deutsch f\u00fcr Kinder dla dzieci w wieku 7-13 lat Fonetyka Szko\u0142a J\u0119zyk\u00f3w Obcych, oferuje r\u00f3wnie\u017c zaj\u0119cia Metod\u0105 Bezpo\u015bredniej Komunikacji (Direct Method) dla dzieci, korzystaj\u0105c z podr\u0119cznik\u00f3w serii niemiecki dla dzieci (Deutsch f\u00fcr Kinder). Seria podr\u0119cznik\u00f3w Deutsch f\u00fcr Kinder pozwala na naturalny przebieg nauki, dzi\u0119ki czemu dzieci ucz\u0105 si\u0119 w spos\u00f3b dostosowany &hellip; <\/p>\n<p class=\"link-more\"><a href=\"https:\/\/fonetyka.info\/index.php\/niemiecki-angielski-hiszpanski-francuski-wloski-rosyjski-polski\/fonetyka-podreczniki\/fonetyka-niemiecki-metoda-bezposredniej-komunikacji\/fonetyka-niemiecki-dla-dzieci\/\" class=\"more-link\">Czytaj dalej<span class=\"screen-reader-text\"> Niemiecki dla dzieci<\/span><\/a><\/p>\n","protected":false},"author":1,"featured_media":0,"parent":107,"menu_order":0,"comment_status":"closed","ping_status":"closed","template":"","meta":[],"_links":{"self":[{"href":"https:\/\/fonetyka.info\/index.php\/wp-json\/wp\/v2\/pages\/127"}],"collection":[{"href":"https:\/\/fonetyka.info\/index.php\/wp-json\/wp\/v2\/pages"}],"about":[{"href":"https:\/\/fonetyka.info\/index.php\/wp-json\/wp\/v2\/types\/page"}],"author":[{"embeddable":true,"href":"https:\/\/fonetyka.info\/index.php\/wp-json\/wp\/v2\/users\/1"}],"replies":[{"embeddable":true,"href":"https:\/\/fonetyka.info\/index.php\/wp-json\/wp\/v2\/comments?post=127"}],"version-history":[{"count":11,"href":"https:\/\/fonetyka.info\/index.php\/wp-json\/wp\/v2\/pages\/127\/revisions"}],"predecessor-version":[{"id":653,"href":"https:\/\/fonetyka.info\/index.php\/wp-json\/wp\/v2\/pages\/127\/revisions\/653"}],"up":[{"embeddable":true,"href":"https:\/\/fonetyka.info\/index.php\/wp-json\/wp\/v2\/pages\/107"}],"wp:attachment":[{"href":"https:\/\/fonetyka.info\/index.php\/wp-json\/wp\/v2\/media?parent=127"}],"curies":[{"name":"wp","href":"https:\/\/api.w.org\/{rel}","templated":true}]}}