{"id":143,"date":"2019-08-05T00:23:16","date_gmt":"2019-08-04T22:23:16","guid":{"rendered":"http:\/\/fonetyka.info\/?page_id=143"},"modified":"2019-09-29T23:49:57","modified_gmt":"2019-09-29T21:49:57","slug":"fonetyka-angielski-metoda-bezposredniej-komunikacji","status":"publish","type":"page","link":"https:\/\/fonetyka.info\/index.php\/niemiecki-angielski-hiszpanski-francuski-wloski-rosyjski-polski\/fonetyka-podreczniki\/fonetyka-angielski-metoda-bezposredniej-komunikacji\/","title":{"rendered":"Angielski Metod\u0105 Bezpo\u015bredniej Komunikacji"},"content":{"rendered":"\n<p><iframe loading=\"lazy\" src=\"https:\/\/player.vimeo.com\/video\/362989688\" allow=\"autoplay; fullscreen\" allowfullscreen=\"\" width=\"640\" height=\"360\" frameborder=\"0\"><\/iframe><\/p>\n\n\n\n<p> Decyduj\u0105c si\u0119 na nauk\u0119 j\u0119zyka angielskiego w Fonetyce Szkole J\u0119zyk\u00f3w Obcych, b\u0119d\u0105 Pa\u0144stwo mieli mo\u017cliwo\u015b\u0107 pracowa\u0107 z seri\u0105 podr\u0119cznik\u00f3w specjalnie zadedykowan\u0105 Metodzie Bezpo\u015bredniej Komunikacji. <\/p>\n\n\n\n<p>Seria podr\u0119cznik\u00f3w do angielskiego sk\u0142ada si\u0119 z dziewi\u0119ciu pozycji opracowanych dla poziom\u00f3w A1-C1 Advanced.<\/p>\n\n\n\n<div class=\"wp-block-image\"><figure class=\"aligncenter is-resized\"><a href=\"http:\/\/fonetyka.info\/index.php\/niemiecki-angielski-hiszpanski-francuski-wloski-rosyjski-polski\/fonetyka-podreczniki\/fonetyka-angielski-metoda-bezposredniej-komunikacji\/fonetyka-angielski-grodzisk\/\"><img loading=\"lazy\" src=\"http:\/\/fonetyka.info\/wp-content\/uploads\/2019\/08\/Fonetyka-angielski-grodzisk.png\" alt=\"Seria dziewi\u0119ciu podr\u0119cznik\u00f3w do nauki j\u0119zyka angielskiego metod\u0105 bezpo\u015bredniej komunikacji.\" class=\"wp-image-145\" width=\"350\" height=\"511\" srcset=\"https:\/\/fonetyka.info\/wp-content\/uploads\/2019\/08\/Fonetyka-angielski-grodzisk.png 700w, https:\/\/fonetyka.info\/wp-content\/uploads\/2019\/08\/Fonetyka-angielski-grodzisk-206x300.png 206w\" sizes=\"(max-width: 350px) 100vw, 350px\" \/><\/a><figcaption>Seria podr\u0119cznik\u00f3w do nauki j\u0119zyka angielskiego metod\u0105 bezpo\u015bredniej komunikacji.<\/figcaption><\/figure><\/div>\n\n\n\n<p><a href=\"http:\/\/fonetyka.info\/index.php\/niemiecki-angielski-hiszpanski-francuski-wloski-rosyjski-polski\/fonetyka-podreczniki\/fonetyka-angielski-metoda-bezposredniej-komunikacji\/fonetyka-angielski-dla-dzieci\/\">Angielski dla dziec<\/a><a href=\"http:\/\/fonetyka.info\/index.php\/przykladowa-strona\/podreczniki\/angielski-metoda-bezposredniej-komunikacji\/angielski-dla-dzieci\/\">i<\/a><\/p>\n\n\n\n<p><a href=\"http:\/\/fonetyka.info\/index.php\/niemiecki-angielski-hiszpanski-francuski-wloski-rosyjski-polski\/fonetyka-podreczniki\/fonetyka-angielski-metoda-bezposredniej-komunikacji\/angielski-dla-mlodziezy\/\">Angielski dla m\u0142odzie\u017cy<\/a><\/p>\n","protected":false},"excerpt":{"rendered":"<p>Decyduj\u0105c si\u0119 na nauk\u0119 j\u0119zyka angielskiego w Fonetyce Szkole J\u0119zyk\u00f3w Obcych, b\u0119d\u0105 Pa\u0144stwo mieli mo\u017cliwo\u015b\u0107 pracowa\u0107 z seri\u0105 podr\u0119cznik\u00f3w specjalnie zadedykowan\u0105 Metodzie Bezpo\u015bredniej Komunikacji. Seria podr\u0119cznik\u00f3w do angielskiego sk\u0142ada si\u0119 z dziewi\u0119ciu pozycji opracowanych dla poziom\u00f3w A1-C1 Advanced. Angielski dla dzieci Angielski dla m\u0142odzie\u017cy<\/p>\n","protected":false},"author":1,"featured_media":0,"parent":113,"menu_order":1,"comment_status":"closed","ping_status":"closed","template":"","meta":[],"_links":{"self":[{"href":"https:\/\/fonetyka.info\/index.php\/wp-json\/wp\/v2\/pages\/143"}],"collection":[{"href":"https:\/\/fonetyka.info\/index.php\/wp-json\/wp\/v2\/pages"}],"about":[{"href":"https:\/\/fonetyka.info\/index.php\/wp-json\/wp\/v2\/types\/page"}],"author":[{"embeddable":true,"href":"https:\/\/fonetyka.info\/index.php\/wp-json\/wp\/v2\/users\/1"}],"replies":[{"embeddable":true,"href":"https:\/\/fonetyka.info\/index.php\/wp-json\/wp\/v2\/comments?post=143"}],"version-history":[{"count":8,"href":"https:\/\/fonetyka.info\/index.php\/wp-json\/wp\/v2\/pages\/143\/revisions"}],"predecessor-version":[{"id":275,"href":"https:\/\/fonetyka.info\/index.php\/wp-json\/wp\/v2\/pages\/143\/revisions\/275"}],"up":[{"embeddable":true,"href":"https:\/\/fonetyka.info\/index.php\/wp-json\/wp\/v2\/pages\/113"}],"wp:attachment":[{"href":"https:\/\/fonetyka.info\/index.php\/wp-json\/wp\/v2\/media?parent=143"}],"curies":[{"name":"wp","href":"https:\/\/api.w.org\/{rel}","templated":true}]}}