{"id":152,"date":"2019-08-05T22:12:46","date_gmt":"2019-08-05T20:12:46","guid":{"rendered":"http:\/\/fonetyka.info\/?page_id=152"},"modified":"2022-08-26T11:09:53","modified_gmt":"2022-08-26T09:09:53","slug":"fonetyka-angielski-dla-dzieci","status":"publish","type":"page","link":"https:\/\/fonetyka.info\/index.php\/niemiecki-angielski-hiszpanski-francuski-wloski-rosyjski-polski\/fonetyka-podreczniki\/fonetyka-angielski-metoda-bezposredniej-komunikacji\/fonetyka-angielski-dla-dzieci\/","title":{"rendered":"Angielski dla dzieci"},"content":{"rendered":"\n<h1>KIDS English <\/h1>\n\n\n\n<p>Podr\u0119czniki Kids English dla dzieci w wieku 7-13 lat<\/p>\n\n\n\n<p>Fonetyka Szko\u0142a J\u0119zyk\u00f3w Obcych, oferuje r\u00f3wnie\u017c nauk\u0119 j\u0119zyka angielskiego Metod\u0105 Bezpo\u015bredniej Komunikacji (Direct Method) dla dzieci, korzystaj\u0105c z podr\u0119cznik\u00f3w serii Kids English. <\/p>\n\n\n\n<p>Seria podr\u0119cznik\u00f3w Kids English pozwala na naturalny przebieg nauki angielskiego, dzi\u0119ki czemu dzieci ucz\u0105 si\u0119 w spos\u00f3b dostosowany do mo\u017cliwo\u015bci poznawczych dziecka. Dzi\u0119ki metodzie prostych pyta\u0144 i odpowiedzi dzieci szybko ucz\u0105 si\u0119 u\u017cywania struktur j\u0119zykowych. Dodatkowo dynamiczny charakter zaj\u0119\u0107 sprawia, \u017ce mali studenci b\u0142yskawicznie wzbogacaj\u0105 swoje umiej\u0119tno\u015bci rozumienia z kontekstu. <\/p>\n\n\n\n<p>Dzieci lubi\u0105 nauk\u0119 z podr\u0119cznikami z serii Kids English. A to za spraw\u0105 gier aktywizuj\u0105cych i motywuj\u0105cych, kt\u00f3re w po\u0142\u0105czeniu z usystematyzowanymi powt\u00f3rkami i pomocami wizualnymi, zapobiegaj\u0105 znu\u017ceniu i pomagaj\u0105 w utrwalaniu zdobytej wiedzy oraz zapami\u0119tywaniu nowych partii materia\u0142u.<\/p>\n\n\n\n<p>Seria podr\u0119cznik\u00f3w do angielskiego dla dzieci sk\u0142ada si\u0119 z sze\u015bciu pozycji opracowanych dla poziom\u00f3w A0-B1 Intermediate.<\/p>\n\n\n\n<div class=\"wp-block-image\"><figure class=\"aligncenter is-resized\"><a href=\"http:\/\/fonetyka.info\/index.php\/niemiecki-angielski-hiszpanski-francuski-wloski-rosyjski-polski\/fonetyka-podreczniki\/fonetyka-angielski-metoda-bezposredniej-komunikacji\/fonetyka-angielski-dla-dzieci\/fonetyka-angielski-dla-dzieci-grodzisk\/\"><img loading=\"lazy\" src=\"http:\/\/fonetyka.info\/wp-content\/uploads\/2019\/08\/Fonetyka-angielski-dla-dzieci-grodzisk.png\" alt=\"Fonetyka angielski dla dzieci w grodzisku mazowieckim\" class=\"wp-image-157\" width=\"356\" height=\"475\" srcset=\"https:\/\/fonetyka.info\/wp-content\/uploads\/2019\/08\/Fonetyka-angielski-dla-dzieci-grodzisk.png 711w, https:\/\/fonetyka.info\/wp-content\/uploads\/2019\/08\/Fonetyka-angielski-dla-dzieci-grodzisk-225x300.png 225w\" sizes=\"(max-width: 356px) 100vw, 356px\" \/><\/a><\/figure><\/div>\n\n\n\n<p><a href=\"http:\/\/fonetyka.info\/index.php\/niemiecki-angielski-hiszpanski-francuski-wloski-rosyjski-polski\/fonetyka-podreczniki\/fonetyka-angielski-metoda-bezposredniej-komunikacji\/angielski-dla-mlodziezy\/\">Angielski dla m\u0142odzie\u017cy<\/a><\/p>\n","protected":false},"excerpt":{"rendered":"<p>KIDS English Podr\u0119czniki Kids English dla dzieci w wieku 7-13 lat Fonetyka Szko\u0142a J\u0119zyk\u00f3w Obcych, oferuje r\u00f3wnie\u017c nauk\u0119 j\u0119zyka angielskiego Metod\u0105 Bezpo\u015bredniej Komunikacji (Direct Method) dla dzieci, korzystaj\u0105c z podr\u0119cznik\u00f3w serii Kids English. Seria podr\u0119cznik\u00f3w Kids English pozwala na naturalny przebieg nauki angielskiego, dzi\u0119ki czemu dzieci ucz\u0105 si\u0119 w spos\u00f3b dostosowany do mo\u017cliwo\u015bci poznawczych dziecka. &hellip; <\/p>\n<p class=\"link-more\"><a href=\"https:\/\/fonetyka.info\/index.php\/niemiecki-angielski-hiszpanski-francuski-wloski-rosyjski-polski\/fonetyka-podreczniki\/fonetyka-angielski-metoda-bezposredniej-komunikacji\/fonetyka-angielski-dla-dzieci\/\" class=\"more-link\">Czytaj dalej<span class=\"screen-reader-text\"> Angielski dla dzieci<\/span><\/a><\/p>\n","protected":false},"author":1,"featured_media":0,"parent":143,"menu_order":0,"comment_status":"closed","ping_status":"closed","template":"","meta":[],"_links":{"self":[{"href":"https:\/\/fonetyka.info\/index.php\/wp-json\/wp\/v2\/pages\/152"}],"collection":[{"href":"https:\/\/fonetyka.info\/index.php\/wp-json\/wp\/v2\/pages"}],"about":[{"href":"https:\/\/fonetyka.info\/index.php\/wp-json\/wp\/v2\/types\/page"}],"author":[{"embeddable":true,"href":"https:\/\/fonetyka.info\/index.php\/wp-json\/wp\/v2\/users\/1"}],"replies":[{"embeddable":true,"href":"https:\/\/fonetyka.info\/index.php\/wp-json\/wp\/v2\/comments?post=152"}],"version-history":[{"count":12,"href":"https:\/\/fonetyka.info\/index.php\/wp-json\/wp\/v2\/pages\/152\/revisions"}],"predecessor-version":[{"id":651,"href":"https:\/\/fonetyka.info\/index.php\/wp-json\/wp\/v2\/pages\/152\/revisions\/651"}],"up":[{"embeddable":true,"href":"https:\/\/fonetyka.info\/index.php\/wp-json\/wp\/v2\/pages\/143"}],"wp:attachment":[{"href":"https:\/\/fonetyka.info\/index.php\/wp-json\/wp\/v2\/media?parent=152"}],"curies":[{"name":"wp","href":"https:\/\/api.w.org\/{rel}","templated":true}]}}