{"id":163,"date":"2019-08-05T23:17:22","date_gmt":"2019-08-05T21:17:22","guid":{"rendered":"http:\/\/fonetyka.info\/?page_id=163"},"modified":"2019-09-30T07:23:19","modified_gmt":"2019-09-30T05:23:19","slug":"angielski-dla-mlodziezy","status":"publish","type":"page","link":"https:\/\/fonetyka.info\/index.php\/niemiecki-angielski-hiszpanski-francuski-wloski-rosyjski-polski\/fonetyka-podreczniki\/fonetyka-angielski-metoda-bezposredniej-komunikacji\/angielski-dla-mlodziezy\/","title":{"rendered":"Angielski dla m\u0142odzie\u017cy"},"content":{"rendered":"\n<p><iframe loading=\"lazy\" src=\"https:\/\/player.vimeo.com\/video\/363177133\" allow=\"autoplay; fullscreen\" allowfullscreen=\"\" width=\"640\" height=\"360\" frameborder=\"0\"><\/iframe><\/p>\n\n\n\n<p>Podr\u0119czniki dla uczni\u00f3w w wieku 13-18 lat<\/p>\n\n\n\n<p>Seria podr\u0119cznik\u00f3w do j\u0119zyka angielskiego dla m\u0142odzie\u017cy (Teens English) dedykowana Metodzie Bezpo\u015bredniej Komunikacji (Direct Method), to doskonale opracowane materia\u0142y, w kt\u00f3rych uwzgl\u0119dnia si\u0119 specyfik\u0119 tej grupy wiekowej. Dzi\u0119ki nowoczesnemu i praktycznemu s\u0142ownictwu, oraz dynamicznej specyfice zaj\u0119\u0107, kt\u00f3rych tempo podkr\u0119caj\u0105 interesuj\u0105ce pytania i odpowiedzi nawi\u0105zuj\u0105ce do potrzeb nastoletniej m\u0142odzie\u017cy, gramatyka staje si\u0119 \u0142atwiej zrozumia\u0142a. Wszystko to wspiera przejrzysta grafika i uk\u0142ad stron podr\u0119cznik\u00f3w, oraz platforma internetowa, dzi\u0119ki kt\u00f3rej dodatkowe \u0107wiczenia staj\u0105 si\u0119 przyjemno\u015bci\u0105.<\/p>\n\n\n\n<p> Czy nauka j\u0119zyka obcego mo\u017ce by\u0107 przyjemna?  <\/p>\n\n\n\n<h2> Zdecydowanie tak! <\/h2>\n\n\n\n<p>Seria podr\u0119cznik\u00f3w do angielskiego dla m\u0142odzie\u017cy sk\u0142ada si\u0119 z czterech pozycji opracowanych dla poziom\u00f3w: A1 Beginner &#8211; B1 Pre-Intermediate \/ Intermediate.<\/p>\n\n\n\n<div class=\"wp-block-image\"><figure class=\"aligncenter is-resized\"><a href=\"http:\/\/fonetyka.info\/index.php\/niemiecki-angielski-hiszpanski-francuski-wloski-rosyjski-polski\/fonetyka-podreczniki\/fonetyka-angielski-metoda-bezposredniej-komunikacji\/angielski-dla-mlodziezy\/fonetyka-angielski-dla-mlodziezy-grodzisk\/\"><img loading=\"lazy\" src=\"http:\/\/fonetyka.info\/wp-content\/uploads\/2019\/08\/Fonetyka-angielski-dla-m\u0142odzie\u017cy-grodzisk.png\" alt=\"Fonetyka j\u0119zyk angielski dla m\u0142odzie\u017cy w Grodzisku Mazowieckim. Podr\u0119czniki do nauki j\u0119zyka angielskiego dla m\u0142odzie\u017cy metod\u0105 bezpo\u015bredniej komunikacji.\" class=\"wp-image-164\" width=\"356\" height=\"475\" srcset=\"https:\/\/fonetyka.info\/wp-content\/uploads\/2019\/08\/Fonetyka-angielski-dla-m\u0142odzie\u017cy-grodzisk.png 711w, https:\/\/fonetyka.info\/wp-content\/uploads\/2019\/08\/Fonetyka-angielski-dla-m\u0142odzie\u017cy-grodzisk-225x300.png 225w\" sizes=\"(max-width: 356px) 100vw, 356px\" \/><\/a><figcaption>Podr\u0119czniki do nauki j\u0119zyka angielskiego dla m\u0142odzie\u017cy, Metod\u0105 Bezpo\u015bredniej Komunikacji.<\/figcaption><\/figure><\/div>\n","protected":false},"excerpt":{"rendered":"<p>Podr\u0119czniki dla uczni\u00f3w w wieku 13-18 lat Seria podr\u0119cznik\u00f3w do j\u0119zyka angielskiego dla m\u0142odzie\u017cy (Teens English) dedykowana Metodzie Bezpo\u015bredniej Komunikacji (Direct Method), to doskonale opracowane materia\u0142y, w kt\u00f3rych uwzgl\u0119dnia si\u0119 specyfik\u0119 tej grupy wiekowej. Dzi\u0119ki nowoczesnemu i praktycznemu s\u0142ownictwu, oraz dynamicznej specyfice zaj\u0119\u0107, kt\u00f3rych tempo podkr\u0119caj\u0105 interesuj\u0105ce pytania i odpowiedzi nawi\u0105zuj\u0105ce do potrzeb nastoletniej m\u0142odzie\u017cy, &hellip; <\/p>\n<p class=\"link-more\"><a href=\"https:\/\/fonetyka.info\/index.php\/niemiecki-angielski-hiszpanski-francuski-wloski-rosyjski-polski\/fonetyka-podreczniki\/fonetyka-angielski-metoda-bezposredniej-komunikacji\/angielski-dla-mlodziezy\/\" class=\"more-link\">Czytaj dalej<span class=\"screen-reader-text\"> Angielski dla m\u0142odzie\u017cy<\/span><\/a><\/p>\n","protected":false},"author":1,"featured_media":0,"parent":143,"menu_order":0,"comment_status":"closed","ping_status":"closed","template":"","meta":[],"_links":{"self":[{"href":"https:\/\/fonetyka.info\/index.php\/wp-json\/wp\/v2\/pages\/163"}],"collection":[{"href":"https:\/\/fonetyka.info\/index.php\/wp-json\/wp\/v2\/pages"}],"about":[{"href":"https:\/\/fonetyka.info\/index.php\/wp-json\/wp\/v2\/types\/page"}],"author":[{"embeddable":true,"href":"https:\/\/fonetyka.info\/index.php\/wp-json\/wp\/v2\/users\/1"}],"replies":[{"embeddable":true,"href":"https:\/\/fonetyka.info\/index.php\/wp-json\/wp\/v2\/comments?post=163"}],"version-history":[{"count":8,"href":"https:\/\/fonetyka.info\/index.php\/wp-json\/wp\/v2\/pages\/163\/revisions"}],"predecessor-version":[{"id":287,"href":"https:\/\/fonetyka.info\/index.php\/wp-json\/wp\/v2\/pages\/163\/revisions\/287"}],"up":[{"embeddable":true,"href":"https:\/\/fonetyka.info\/index.php\/wp-json\/wp\/v2\/pages\/143"}],"wp:attachment":[{"href":"https:\/\/fonetyka.info\/index.php\/wp-json\/wp\/v2\/media?parent=163"}],"curies":[{"name":"wp","href":"https:\/\/api.w.org\/{rel}","templated":true}]}}