{"id":188,"date":"2019-08-08T23:57:06","date_gmt":"2019-08-08T21:57:06","guid":{"rendered":"http:\/\/fonetyka.info\/?page_id=188"},"modified":"2021-01-04T13:54:28","modified_gmt":"2021-01-04T12:54:28","slug":"hiszpanski-metoda-bezposredniej-komunikacji","status":"publish","type":"page","link":"https:\/\/fonetyka.info\/index.php\/niemiecki-angielski-hiszpanski-francuski-wloski-rosyjski-polski\/fonetyka-podreczniki\/hiszpanski-metoda-bezposredniej-komunikacji\/","title":{"rendered":"Hiszpa\u0144ski Metod\u0105 Bezpo\u015bredniej Komunikacji"},"content":{"rendered":"\n<p><\/p>\n\n\n\n<p>Espa\u00f1ol&nbsp; to podr\u0119cznik dla os\u00f3b, kt\u00f3re w nowoczesny spos\u00f3b chc\u0105 si\u0119 uczy\u0107 j\u0119zyka hiszpa\u0144skiego.<\/p>\n\n\n\n<p>Fonetyka Szko\u0142a J\u0119zyk\u00f3w Obcych to miejsce gdzie s\u0142uchacze maj\u0105 okazj\u0119 do\u015bwiadczy\u0107 efektywnego nauczania j\u0119zyka hiszpa\u0144skiego korzystaj\u0105c z atrakcyjnie przygotowanych podr\u0119cznik\u00f3w, zawieraj\u0105cych:<\/p>\n\n\n\n<ul><li>praktyczne s\u0142ownictwo<\/li><li>interesuj\u0105ce pytania<\/li><li>przyjazn\u0105 grafik\u0119<\/li><li>fachowo opracowane elementy graficzne czyni\u0105ce prac\u0119 z podr\u0119cznikiem przyjemniejsz\u0105<\/li><li>liczne \u0107wiczenia<\/li><\/ul>\n\n\n\n<p>Dzi\u0119ki&nbsp; do\u015bwiadczeniu w nauczaniu i zaanga\u017cowaniu naszej lektorki,&nbsp; kursanci otrzymuj\u0105 to co najlepsze w metodzie bezpo\u015bredniej &#8211; niepostrze\u017cenie w spos\u00f3b naturalny zaczynaj\u0105 m\u00f3wi\u0107 i rozumie\u0107 ze s\u0142uchu.<\/p>\n\n\n\n<p>Seria Espa\u00f1ol do nauki j\u0119zyka hiszpa\u0144skiego sk\u0142ada si\u0119 z sze\u015bciu podr\u0119cznik\u00f3w opracowanych dla poziom\u00f3w A1 &nbsp;&#8211; B2 Upper-intermediate.<\/p>\n\n\n\n<div class=\"wp-block-image\"><figure class=\"aligncenter is-resized\"><a href=\"http:\/\/fonetyka.info\/index.php\/niemiecki-angielski-hiszpanski-francuski-wloski-rosyjski-polski\/fonetyka-podreczniki\/hiszpanski-metoda-bezposredniej-komunikacji\/fonetyka-hiszpanski-grodzisk\/\"><img loading=\"lazy\" src=\"http:\/\/fonetyka.info\/wp-content\/uploads\/2019\/08\/Fonetyka-hiszpa\u0144ski-grodzisk.png\" alt=\"Seria sze\u015bciu podr\u0119cznik\u00f3w do nauki j\u0119zyka hiszpa\u0144skiego w Fonetyce Szkole J\u0119zyk\u00f3w Obcych w Grodzisku Mazowieckim\" class=\"wp-image-189\" width=\"356\" height=\"475\" srcset=\"https:\/\/fonetyka.info\/wp-content\/uploads\/2019\/08\/Fonetyka-hiszpa\u0144ski-grodzisk.png 711w, https:\/\/fonetyka.info\/wp-content\/uploads\/2019\/08\/Fonetyka-hiszpa\u0144ski-grodzisk-225x300.png 225w\" sizes=\"(max-width: 356px) 100vw, 356px\" \/><\/a><figcaption>Podr\u0119czniki do nauki j\u0119zyka hiszpa\u0144skiego Metod\u0105 Bezpo\u015bredniej Komunikacji.<\/figcaption><\/figure><\/div>\n\n\n\n<p><\/p>\n","protected":false},"excerpt":{"rendered":"<p>Espa\u00f1ol&nbsp; to podr\u0119cznik dla os\u00f3b, kt\u00f3re w nowoczesny spos\u00f3b chc\u0105 si\u0119 uczy\u0107 j\u0119zyka hiszpa\u0144skiego. Fonetyka Szko\u0142a J\u0119zyk\u00f3w Obcych to miejsce gdzie s\u0142uchacze maj\u0105 okazj\u0119 do\u015bwiadczy\u0107 efektywnego nauczania j\u0119zyka hiszpa\u0144skiego korzystaj\u0105c z atrakcyjnie przygotowanych podr\u0119cznik\u00f3w, zawieraj\u0105cych: praktyczne s\u0142ownictwo interesuj\u0105ce pytania przyjazn\u0105 grafik\u0119 fachowo opracowane elementy graficzne czyni\u0105ce prac\u0119 z podr\u0119cznikiem przyjemniejsz\u0105 liczne \u0107wiczenia Dzi\u0119ki&nbsp; do\u015bwiadczeniu w &hellip; <\/p>\n<p class=\"link-more\"><a href=\"https:\/\/fonetyka.info\/index.php\/niemiecki-angielski-hiszpanski-francuski-wloski-rosyjski-polski\/fonetyka-podreczniki\/hiszpanski-metoda-bezposredniej-komunikacji\/\" class=\"more-link\">Czytaj dalej<span class=\"screen-reader-text\"> Hiszpa\u0144ski Metod\u0105 Bezpo\u015bredniej Komunikacji<\/span><\/a><\/p>\n","protected":false},"author":1,"featured_media":0,"parent":113,"menu_order":3,"comment_status":"closed","ping_status":"closed","template":"","meta":[],"_links":{"self":[{"href":"https:\/\/fonetyka.info\/index.php\/wp-json\/wp\/v2\/pages\/188"}],"collection":[{"href":"https:\/\/fonetyka.info\/index.php\/wp-json\/wp\/v2\/pages"}],"about":[{"href":"https:\/\/fonetyka.info\/index.php\/wp-json\/wp\/v2\/types\/page"}],"author":[{"embeddable":true,"href":"https:\/\/fonetyka.info\/index.php\/wp-json\/wp\/v2\/users\/1"}],"replies":[{"embeddable":true,"href":"https:\/\/fonetyka.info\/index.php\/wp-json\/wp\/v2\/comments?post=188"}],"version-history":[{"count":8,"href":"https:\/\/fonetyka.info\/index.php\/wp-json\/wp\/v2\/pages\/188\/revisions"}],"predecessor-version":[{"id":637,"href":"https:\/\/fonetyka.info\/index.php\/wp-json\/wp\/v2\/pages\/188\/revisions\/637"}],"up":[{"embeddable":true,"href":"https:\/\/fonetyka.info\/index.php\/wp-json\/wp\/v2\/pages\/113"}],"wp:attachment":[{"href":"https:\/\/fonetyka.info\/index.php\/wp-json\/wp\/v2\/media?parent=188"}],"curies":[{"name":"wp","href":"https:\/\/api.w.org\/{rel}","templated":true}]}}