{"id":2,"date":"2019-07-29T07:38:18","date_gmt":"2019-07-29T05:38:18","guid":{"rendered":"http:\/\/fonetyka.info\/?page_id=2"},"modified":"2024-12-30T20:37:56","modified_gmt":"2024-12-30T19:37:56","slug":"niemiecki-angielski-hiszpanski-francuski-wloski-rosyjski-polski","status":"publish","type":"page","link":"https:\/\/fonetyka.info\/","title":{"rendered":"Witamy w Fonetyce"},"content":{"rendered":"\n<h2>Fonetyka Magiczny Ogr\u00f3d Mo\u017cliwo\u015bci<\/h2>\n\n\n\n<figure class=\"wp-block-image size-large\"><img loading=\"lazy\" width=\"1024\" height=\"679\" src=\"http:\/\/fonetyka.info\/wp-content\/uploads\/2020\/03\/Magiczny-Ogr\u00f3d-Mo\u017cliwo\u015bci-Fonetyka-Grodzisk-1-1024x679.jpg\" alt=\"Najlepsza szko\u0142a j\u0119zykowa w Grodzisku Mazowieckim. Fonetyka to szko\u0142a dla dzieci, m\u0142odzie\u017cy i doros\u0142ych.\" class=\"wp-image-360\" srcset=\"https:\/\/fonetyka.info\/wp-content\/uploads\/2020\/03\/Magiczny-Ogr\u00f3d-Mo\u017cliwo\u015bci-Fonetyka-Grodzisk-1-1024x679.jpg 1024w, https:\/\/fonetyka.info\/wp-content\/uploads\/2020\/03\/Magiczny-Ogr\u00f3d-Mo\u017cliwo\u015bci-Fonetyka-Grodzisk-1-300x199.jpg 300w, https:\/\/fonetyka.info\/wp-content\/uploads\/2020\/03\/Magiczny-Ogr\u00f3d-Mo\u017cliwo\u015bci-Fonetyka-Grodzisk-1-768x509.jpg 768w, https:\/\/fonetyka.info\/wp-content\/uploads\/2020\/03\/Magiczny-Ogr\u00f3d-Mo\u017cliwo\u015bci-Fonetyka-Grodzisk-1.jpg 1500w\" sizes=\"(max-width: 767px) 89vw, (max-width: 1000px) 54vw, (max-width: 1071px) 543px, 580px\" \/><\/figure>\n\n\n\n<h2> Mamy osiemna\u015bcie lat do\u015bwiadczenia w nauczaniu<\/h2>\n\n\n\n<p>Efektywne metody nauki dostosowane do Twoich potrzeb<\/p>\n\n\n\n<ul><li>kursy Metod\u0105 Bezpo\u015bredniej Komunikacji<\/li><li>kursy tradycyjne<\/li><li>zaj\u0119cia indywidualne<\/li><li>ma\u0142e grupy<\/li><li>kursy dla dzieci, m\u0142odzie\u017cy i doros\u0142ych<\/li><li>kursy stacjonarne<\/li><li>kursy zdalne \/ on-line<\/li><li>zaj\u0119cia hybrydowe<\/li><\/ul>\n\n\n\n<h2>Profesjonalna kadra<\/h2>\n\n\n\n<ul><li>dyplomowani nauczyciele<\/li><li>wieloletnie do\u015bwiadczanie w  nauczaniu <\/li><\/ul>\n\n\n\n<h2> Szko\u0142a wyspecjalizowana w kilku j\u0119zykach <\/h2>\n\n\n\n<ul><li><a href=\"http:\/\/fonetyka.info\/index.php\/niemiecki-angielski-hiszpanski-francuski-wloski-rosyjski-polski\/fonetyka-podreczniki\/fonetyka-niemiecki-metoda-bezposredniej-komunikacji\/\">niemiecki<\/a><\/li><li><a href=\"http:\/\/fonetyka.info\/index.php\/niemiecki-angielski-hiszpanski-francuski-wloski-rosyjski-polski\/fonetyka-podreczniki\/fonetyka-angielski-metoda-bezposredniej-komunikacji\/\">angielski<\/a><\/li><li><a href=\"http:\/\/fonetyka.info\/index.php\/niemiecki-angielski-hiszpanski-francuski-wloski-rosyjski-polski\/fonetyka-podreczniki\/hiszpanski-metoda-bezposredniej-komunikacji\/\">hiszpa\u0144ski<\/a><\/li><li><a href=\"http:\/\/fonetyka.info\/index.php\/niemiecki-angielski-hiszpanski-francuski-wloski-rosyjski-polski\/fonetyka-podreczniki\/francuski-metoda-bezposredniej-komunikacji\/\">francuski<\/a><\/li><li><a href=\"http:\/\/fonetyka.info\/index.php\/niemiecki-angielski-hiszpanski-francuski-wloski-rosyjski-polski\/fonetyka-podreczniki\/wloski-metoda-bezposredniej-komunikacji\/\">w\u0142oski<\/a><\/li><li><a href=\"http:\/\/fonetyka.info\/index.php\/niemiecki-angielski-hiszpanski-francuski-wloski-rosyjski-polski\/fonetyka-podreczniki\/rosyjski-metoda-bezposredniej-komunikacji\/\">rosyjski<\/a><\/li><li><a href=\"http:\/\/fonetyka.info\/index.php\/niemiecki-angielski-hiszpanski-francuski-wloski-rosyjski-polski\/fonetyka-podreczniki\/polski-dla-cudzoziemcow\/\">polski dla cudzoziemc\u00f3w<\/a><\/li><li><a rel=\"noreferrer noopener\" aria-label=\"korea\u0144ski (otwiera si\u0119 na nowej zak\u0142adce)\" href=\"http:\/\/fonetyka.info\/index.php\/niemiecki-angielski-hiszpanski-francuski-wloski-rosyjski-polski\/fonetyka-metoda\/nauka-jezyka-koreanskiego\/\" target=\"_blank\">korea\u0144ski<\/a><\/li><li><a href=\"http:\/\/fonetyka.info\/index.php\/niemiecki-angielski-hiszpanski-francuski-wloski-rosyjski-polski\/fonetyka-podreczniki\/nauka-jezyka-hebrajskiego\/\"> hebrajski <\/a><\/li><\/ul>\n\n\n\n<h2>A ju\u017c teraz:<\/h2>\n\n\n\n<ul><li><a href=\"http:\/\/fonetyka.info\/index.php\/nauka-jezyka-greckiego-w-grodzisku-mazowieckim\/\" data-type=\"URL\" data-id=\"http:\/\/fonetyka.info\/index.php\/nauka-jezyka-greckiego-w-grodzisku-mazowieckim\/\">grecki<\/a><\/li><\/ul>\n\n\n\n<figure class=\"wp-block-image size-large\"><a href=\"http:\/\/fonetyka.info\/index.php\/nauka-jezyka-greckiego-w-grodzisku-mazowieckim\/\" target=\"_blank\" rel=\"noopener\"><img loading=\"lazy\" width=\"1024\" height=\"1024\" src=\"http:\/\/fonetyka.info\/wp-content\/uploads\/2024\/12\/Lekcje-greckiego-w-grodzisku-mazowieckim-1024x1024.jpg\" alt=\"j\u0119zyk grecki w szkole j\u0119zyk\u00f3w obcych fonetyka\" class=\"wp-image-690\" srcset=\"https:\/\/fonetyka.info\/wp-content\/uploads\/2024\/12\/Lekcje-greckiego-w-grodzisku-mazowieckim.jpg 1024w, https:\/\/fonetyka.info\/wp-content\/uploads\/2024\/12\/Lekcje-greckiego-w-grodzisku-mazowieckim-300x300.jpg 300w, https:\/\/fonetyka.info\/wp-content\/uploads\/2024\/12\/Lekcje-greckiego-w-grodzisku-mazowieckim-150x150.jpg 150w, https:\/\/fonetyka.info\/wp-content\/uploads\/2024\/12\/Lekcje-greckiego-w-grodzisku-mazowieckim-768x768.jpg 768w, https:\/\/fonetyka.info\/wp-content\/uploads\/2024\/12\/Lekcje-greckiego-w-grodzisku-mazowieckim-100x100.jpg 100w\" sizes=\"(max-width: 767px) 89vw, (max-width: 1000px) 54vw, (max-width: 1071px) 543px, 580px\" \/><\/a><figcaption>Nauka Greckiego w Fonetyce Szkole J\u0119zyk\u00f3w Obcych<\/figcaption><\/figure>\n\n\n\n<h2>Matematyka w Fonetyce<\/h2>\n\n\n\n<p>Proponujemy r\u00f3wnie\u017c sobotnie zaj\u0119cia z matematyki. Osoby zainteresowane prosimy o kontakt pod numerem: 517 630 176  lub e-mail: fonetyka@fonetyka.info<\/p>\n\n\n\n<figure class=\"wp-block-image size-full\"><img loading=\"lazy\" width=\"680\" height=\"510\" src=\"http:\/\/fonetyka.info\/wp-content\/uploads\/2024\/09\/korepetycje-z-matematyki.jpg\" alt=\"\" class=\"wp-image-681\" srcset=\"https:\/\/fonetyka.info\/wp-content\/uploads\/2024\/09\/korepetycje-z-matematyki.jpg 680w, https:\/\/fonetyka.info\/wp-content\/uploads\/2024\/09\/korepetycje-z-matematyki-300x225.jpg 300w\" sizes=\"(max-width: 680px) 100vw, 680px\" \/><\/figure>\n\n\n\n<h2> Szeroki wyb\u00f3r kurs\u00f3w <\/h2>\n\n\n\n<figure class=\"wp-block-image size-large\"><img loading=\"lazy\" width=\"1024\" height=\"742\" src=\"http:\/\/fonetyka.info\/wp-content\/uploads\/2020\/03\/FONETYKA_ON-LINE_google_MA\u0141Y-1024x742.jpg\" alt=\"Kursy j\u0119zykowe dost\u0119pne metod\u0105 zdaln\u0105 to: angielski on-line, niemiecki on-line, hiszpa\u0144ski on-line, francuski on-line, rosyjski on-line, w\u0142oski on-line, korea\u0144ski on-line.\" class=\"wp-image-382\" srcset=\"https:\/\/fonetyka.info\/wp-content\/uploads\/2020\/03\/FONETYKA_ON-LINE_google_MA\u0141Y-1024x742.jpg 1024w, https:\/\/fonetyka.info\/wp-content\/uploads\/2020\/03\/FONETYKA_ON-LINE_google_MA\u0141Y-300x217.jpg 300w, https:\/\/fonetyka.info\/wp-content\/uploads\/2020\/03\/FONETYKA_ON-LINE_google_MA\u0141Y-768x556.jpg 768w, https:\/\/fonetyka.info\/wp-content\/uploads\/2020\/03\/FONETYKA_ON-LINE_google_MA\u0141Y.jpg 1142w\" sizes=\"(max-width: 767px) 89vw, (max-width: 1000px) 54vw, (max-width: 1071px) 543px, 580px\" \/><figcaption> Nauczanie zdalne j\u0119zyk\u00f3w obcych<\/figcaption><\/figure>\n\n\n\n<ul><li>konwersacje<\/li><li>korepetycje<\/li><li>kursy dla firm<\/li><li>kursy dla 8-klasist\u00f3w<\/li><li>kursy maturalne<\/li><li>kursy przygotowuj\u0105ce do  egzamin\u00f3w <\/li><li>kursy dla student\u00f3w<\/li><\/ul>\n\n\n\n<h2>T\u0142umaczenia<\/h2>\n\n\n\n<p>Szko\u0142a j\u0119zykowa Fonetyka zajmuje si\u0119 r\u00f3wnie\u017c\nprofesjonalnymi t\u0142umaczeniami.<\/p>\n\n\n\n<p>Dzi\u0119ki szerokiej ofercie dziewi\u0119ciu j\u0119zyk\u00f3w, kt\u00f3rych nauczamy w Grodzisku Mazowieckim, cz\u0119sto spotykamy si\u0119 z wyzwaniem ze strony naszych klient\u00f3w w postaci pr\u00f3\u015bb o t\u0142umaczenia tre\u015bci nierzadko bardzo wyspecjalizowanych, wymagaj\u0105cych doskona\u0142ej znajomo\u015bci bran\u017cowej nomenklatury. Dlatego te\u017c jako\u015b\u0107 naszych t\u0142umacze\u0144 opieramy na profesjonalizmie doskona\u0142ych t\u0142umaczy.<\/p>\n\n\n\n<h2> Mi\u0142a atmosfera na zaj\u0119ciach <\/h2>\n\n\n\n<p>Aby do\u015bwiadczy\u0107 tego co w szkole j\u0119zykowej Fonetyka nazywamy &#8222;Mi\u0142\u0105 atmosfer\u0105 na zaj\u0119ciach&#8221;, nale\u017cy przyj\u015b\u0107 cho\u0107by na jedne zaj\u0119cia z jakiegokolwiek j\u0119zyka, kt\u00f3rego nauczamy i poczu\u0107 to.<\/p>\n\n\n\n<figure class=\"wp-block-image size-large\"><img loading=\"lazy\" width=\"1024\" height=\"626\" src=\"http:\/\/fonetyka.info\/wp-content\/uploads\/2019\/11\/szko\u0142a-j\u0119zykowa-1024x626.png\" alt=\"Uczymy w Grodzisku Mazowieckim:\nangielskiego, niemieckiego, rosyjskiego, hiszpa\u0144skiego, francuskiego, polskiego, w\u0142oskiego, hebrajskiego, korea\u0144skiego.\nSzko\u0142a j\u0119zykowa Fonetyka.\n\" class=\"wp-image-315\" srcset=\"https:\/\/fonetyka.info\/wp-content\/uploads\/2019\/11\/szko\u0142a-j\u0119zykowa-1024x626.png 1024w, https:\/\/fonetyka.info\/wp-content\/uploads\/2019\/11\/szko\u0142a-j\u0119zykowa-300x183.png 300w, https:\/\/fonetyka.info\/wp-content\/uploads\/2019\/11\/szko\u0142a-j\u0119zykowa-768x469.png 768w, https:\/\/fonetyka.info\/wp-content\/uploads\/2019\/11\/szko\u0142a-j\u0119zykowa.png 1028w\" sizes=\"(max-width: 767px) 89vw, (max-width: 1000px) 54vw, (max-width: 1071px) 543px, 580px\" \/><figcaption>Szko\u0142a j\u0119zykowa w Grodzisku Mazowieckim z dziewi\u0119cioma j\u0119zykami do wyboru.<\/figcaption><\/figure>\n\n\n\n<p><\/p>\n","protected":false},"excerpt":{"rendered":"<p>Fonetyka Magiczny Ogr\u00f3d Mo\u017cliwo\u015bci Mamy osiemna\u015bcie lat do\u015bwiadczenia w nauczaniu Efektywne metody nauki dostosowane do Twoich potrzeb kursy Metod\u0105 Bezpo\u015bredniej Komunikacji kursy tradycyjne zaj\u0119cia indywidualne ma\u0142e grupy kursy dla dzieci, m\u0142odzie\u017cy i doros\u0142ych kursy stacjonarne kursy zdalne \/ on-line zaj\u0119cia hybrydowe Profesjonalna kadra dyplomowani nauczyciele wieloletnie do\u015bwiadczanie w nauczaniu Szko\u0142a wyspecjalizowana w kilku j\u0119zykach niemiecki &hellip; <\/p>\n<p class=\"link-more\"><a href=\"https:\/\/fonetyka.info\/\" class=\"more-link\">Czytaj dalej<span class=\"screen-reader-text\"> Witamy w Fonetyce<\/span><\/a><\/p>\n","protected":false},"author":1,"featured_media":0,"parent":0,"menu_order":0,"comment_status":"closed","ping_status":"closed","template":"","meta":[],"_links":{"self":[{"href":"https:\/\/fonetyka.info\/index.php\/wp-json\/wp\/v2\/pages\/2"}],"collection":[{"href":"https:\/\/fonetyka.info\/index.php\/wp-json\/wp\/v2\/pages"}],"about":[{"href":"https:\/\/fonetyka.info\/index.php\/wp-json\/wp\/v2\/types\/page"}],"author":[{"embeddable":true,"href":"https:\/\/fonetyka.info\/index.php\/wp-json\/wp\/v2\/users\/1"}],"replies":[{"embeddable":true,"href":"https:\/\/fonetyka.info\/index.php\/wp-json\/wp\/v2\/comments?post=2"}],"version-history":[{"count":44,"href":"https:\/\/fonetyka.info\/index.php\/wp-json\/wp\/v2\/pages\/2\/revisions"}],"predecessor-version":[{"id":699,"href":"https:\/\/fonetyka.info\/index.php\/wp-json\/wp\/v2\/pages\/2\/revisions\/699"}],"wp:attachment":[{"href":"https:\/\/fonetyka.info\/index.php\/wp-json\/wp\/v2\/media?parent=2"}],"curies":[{"name":"wp","href":"https:\/\/api.w.org\/{rel}","templated":true}]}}