{"id":200,"date":"2019-08-30T02:54:09","date_gmt":"2019-08-30T00:54:09","guid":{"rendered":"http:\/\/fonetyka.info\/?page_id=200"},"modified":"2019-09-29T23:52:14","modified_gmt":"2019-09-29T21:52:14","slug":"francuski-metoda-bezposredniej-komunikacji","status":"publish","type":"page","link":"https:\/\/fonetyka.info\/index.php\/niemiecki-angielski-hiszpanski-francuski-wloski-rosyjski-polski\/fonetyka-podreczniki\/francuski-metoda-bezposredniej-komunikacji\/","title":{"rendered":"Francuski Metod\u0105 Bezpo\u015bredniej Komunikacji"},"content":{"rendered":"\n<p><iframe loading=\"lazy\" src=\"https:\/\/player.vimeo.com\/video\/359261369\" allow=\"autoplay; fullscreen\" allowfullscreen=\"\" width=\"640\" height=\"360\" frameborder=\"0\"><\/iframe><\/p>\n\n\n\n<p>Fran\u00e7ais designed with Direct Method jest seri\u0105 nowoczesnych i efektywnych podr\u0119cznik\u00f3w\ndo nauki j\u0119zyka francuskiego.<\/p>\n\n\n\n<p>Fonetyka Szko\u0142a J\u0119zyk\u00f3w Obcych poleca t\u0105 seri\u0119 podr\u0119cznik\u00f3w do nauki j\u0119zyka francuskiego Metod\u0105 Bezpo\u015bredniej Komunikacji, gdy\u017c zawsze staramy si\u0119 zaoferowa\u0107 naszym s\u0142uchaczom to co najlepsze. Dzi\u0119ki wieloletnim do\u015bwiadczeniom wyniesionym z sali lekcyjnej, autor tej serii mia\u0142 mo\u017cliwo\u015b\u0107 zebra\u0107 i zastosowa\u0107 wszystko to co najwa\u017cniejsze aby uczniowie szybko przyswajali materia\u0142, wzbogacali s\u0142ownictwo i utrwalali zasady gramatyki. <\/p>\n\n\n\n<p>Podr\u0119czniki Fran\u00e7ais designed with Direct Method wyr\u00f3\u017cniaj\u0105 si\u0119:<\/p>\n\n\n\n<ul><li>Praktycznym s\u0142ownictwem, a ka\u017cdy z nich zawiera  700 -800 nowych niezwykle przydatnych s\u0142\u00f3wek.<\/li><\/ul>\n\n\n\n<ul><li>Interesuj\u0105cymi pytaniami wspomagaj\u0105cymi prowadzenie dialog\u00f3w podczas zaj\u0119\u0107.<\/li><\/ul>\n\n\n\n<ul><li>\u0106wiczenia gramatyczne pomagaj\u0105 w nauce i utrwalaniu perfekcyjnych form gramatycznych.<\/li><\/ul>\n\n\n\n<p>To wszystko zosta\u0142o podane w przejrzystej formie graficznej, czyni\u0105c prac\u0119 z podr\u0119cznikiem \u0142atw\u0105 i przyjemn\u0105. Staj\u0105c si\u0119 prost\u0105 receptur\u0105 na m\u00f3wienie i rozumienie ze s\u0142uchu.<\/p>\n\n\n\n<p>Seria podr\u0119cznik\u00f3w do francuskiego sk\u0142ada si\u0119 z czterech pozycji opracowanych dla poziom\u00f3w A1-B1.<\/p>\n\n\n\n<div class=\"wp-block-image\"><figure class=\"aligncenter is-resized\"><a href=\"http:\/\/fonetyka.info\/index.php\/niemiecki-angielski-hiszpanski-francuski-wloski-rosyjski-polski\/fonetyka-podreczniki\/francuski-metoda-bezposredniej-komunikacji\/fonetyka-francuski-grodzisk\/\"><img loading=\"lazy\" src=\"http:\/\/fonetyka.info\/wp-content\/uploads\/2019\/08\/Fonetyka-francuski-grodzisk.png\" alt=\"Seria czterech podr\u0119cznik\u00f3w do nauki j\u0119zyka francuskiego w grodzisku mazowieckim.\" class=\"wp-image-202\" width=\"350\" height=\"438\" srcset=\"https:\/\/fonetyka.info\/wp-content\/uploads\/2019\/08\/Fonetyka-francuski-grodzisk.png 700w, https:\/\/fonetyka.info\/wp-content\/uploads\/2019\/08\/Fonetyka-francuski-grodzisk-240x300.png 240w\" sizes=\"(max-width: 350px) 100vw, 350px\" \/><\/a><figcaption>Podr\u0119czniki do nauki j\u0119zyka francuskiego Metod\u0105 Bezpo\u015bredniej Komunikacji<\/figcaption><\/figure><\/div>\n","protected":false},"excerpt":{"rendered":"<p>Fran\u00e7ais designed with Direct Method jest seri\u0105 nowoczesnych i efektywnych podr\u0119cznik\u00f3w do nauki j\u0119zyka francuskiego. Fonetyka Szko\u0142a J\u0119zyk\u00f3w Obcych poleca t\u0105 seri\u0119 podr\u0119cznik\u00f3w do nauki j\u0119zyka francuskiego Metod\u0105 Bezpo\u015bredniej Komunikacji, gdy\u017c zawsze staramy si\u0119 zaoferowa\u0107 naszym s\u0142uchaczom to co najlepsze. Dzi\u0119ki wieloletnim do\u015bwiadczeniom wyniesionym z sali lekcyjnej, autor tej serii mia\u0142 mo\u017cliwo\u015b\u0107 zebra\u0107 i zastosowa\u0107 &hellip; <\/p>\n<p class=\"link-more\"><a href=\"https:\/\/fonetyka.info\/index.php\/niemiecki-angielski-hiszpanski-francuski-wloski-rosyjski-polski\/fonetyka-podreczniki\/francuski-metoda-bezposredniej-komunikacji\/\" class=\"more-link\">Czytaj dalej<span class=\"screen-reader-text\"> Francuski Metod\u0105 Bezpo\u015bredniej Komunikacji<\/span><\/a><\/p>\n","protected":false},"author":1,"featured_media":0,"parent":113,"menu_order":4,"comment_status":"closed","ping_status":"closed","template":"","meta":[],"_links":{"self":[{"href":"https:\/\/fonetyka.info\/index.php\/wp-json\/wp\/v2\/pages\/200"}],"collection":[{"href":"https:\/\/fonetyka.info\/index.php\/wp-json\/wp\/v2\/pages"}],"about":[{"href":"https:\/\/fonetyka.info\/index.php\/wp-json\/wp\/v2\/types\/page"}],"author":[{"embeddable":true,"href":"https:\/\/fonetyka.info\/index.php\/wp-json\/wp\/v2\/users\/1"}],"replies":[{"embeddable":true,"href":"https:\/\/fonetyka.info\/index.php\/wp-json\/wp\/v2\/comments?post=200"}],"version-history":[{"count":7,"href":"https:\/\/fonetyka.info\/index.php\/wp-json\/wp\/v2\/pages\/200\/revisions"}],"predecessor-version":[{"id":279,"href":"https:\/\/fonetyka.info\/index.php\/wp-json\/wp\/v2\/pages\/200\/revisions\/279"}],"up":[{"embeddable":true,"href":"https:\/\/fonetyka.info\/index.php\/wp-json\/wp\/v2\/pages\/113"}],"wp:attachment":[{"href":"https:\/\/fonetyka.info\/index.php\/wp-json\/wp\/v2\/media?parent=200"}],"curies":[{"name":"wp","href":"https:\/\/api.w.org\/{rel}","templated":true}]}}