{"id":223,"date":"2019-09-01T17:19:41","date_gmt":"2019-09-01T15:19:41","guid":{"rendered":"http:\/\/fonetyka.info\/?page_id=223"},"modified":"2019-10-01T23:00:14","modified_gmt":"2019-10-01T21:00:14","slug":"rosyjski-metoda-bezposredniej-komunikacji","status":"publish","type":"page","link":"https:\/\/fonetyka.info\/index.php\/niemiecki-angielski-hiszpanski-francuski-wloski-rosyjski-polski\/fonetyka-podreczniki\/rosyjski-metoda-bezposredniej-komunikacji\/","title":{"rendered":"Rosyjski Metod\u0105 Bezpo\u015bredniej Komunikacji"},"content":{"rendered":"\n<h2>Nauczamy j\u0119zyka rosyjskiego w Grodzisku Mazowieckim<\/h2>\n\n\n\n<p>Pycc\u043a\u0438\u0439 designed with Direct Method  (Rosyjski Metod\u0105 Bezpo\u015bredniej Komunikacji) jest seri\u0105 nowoczesnych i efektywnych podr\u0119cznik\u00f3w do nauki j\u0119zyka rosyjskiego.<\/p>\n\n\n\n<p>Fonetyka Szko\u0142a J\u0119zyk\u00f3w Obcych poleca t\u0105 seri\u0119 podr\u0119cznik\u00f3w do nauki j\u0119zyka rosyjskiego Metod\u0105 Bezpo\u015bredniej Komunikacji, gdy\u017c metoda ta pozwala na uczenie si\u0119 j\u0119zyka w&nbsp; efektywny spos\u00f3b i skupia si\u0119 na niezb\u0119dnych i najwa\u017cniejszych aspektach nauki, czyli: m\u00f3wieniu i rozumieniu ze s\u0142uchu.<\/p>\n\n\n\n<p>Podr\u0119czniki Pycc\u043a\u0438\u0439 designed with Direct Method wyr\u00f3\u017cniaj\u0105 si\u0119 praktycznym s\u0142ownictwem, a ka\u017cdy z nich zawiera 30-40 lekcji i od 750 do 900 nowych niezwykle przydatnych s\u0142\u00f3wek.<\/p>\n\n\n\n<h2>Najwa\u017cniejsze cechy tej serii podr\u0119cznik\u00f3w to:<\/h2>\n\n\n\n<ul><li>praktyczne s\u0142ownictwo<\/li><li>interesuj\u0105ce pytania <\/li><li>przyjazna grafika<\/li><li>przejrzyste elementy graficzne<\/li><li>przyjazny uk\u0142ad stron u\u0142atwiaj\u0105cy prac\u0119 z&nbsp;podr\u0119cznikiem<\/li><li>liczne \u0107wiczenia gramatyczne<\/li><\/ul>\n\n\n\n<p>Seria podr\u0119cznik\u00f3w do nauki j\u0119zyka rosyjskiego sk\u0142ada si\u0119 z czterech pozycji opracowanych dla poziom\u00f3w A1 Beginner &#8211; B1 Intermediate.<\/p>\n\n\n\n<div class=\"wp-block-image\"><figure class=\"aligncenter is-resized\"><a href=\"http:\/\/fonetyka.info\/index.php\/niemiecki-angielski-hiszpanski-francuski-wloski-rosyjski-polski\/fonetyka-podreczniki\/rosyjski-metoda-bezposredniej-komunikacji\/fonetyka-rosyjski-grodzisk-mazowiecki\/\"><img loading=\"lazy\" src=\"http:\/\/fonetyka.info\/wp-content\/uploads\/2019\/09\/Fonetyka-rosyjski-grodzisk-mazowiecki.png\" alt=\"Cztery podr\u0119czniki do nauki j\u0119zyka rosyjskiego w szkole j\u0119zyk\u00f3w obcych fonetyka, w Grodzisku Mazowieckim, metod\u0105 bezpo\u015bredniej komunikacji.\" class=\"wp-image-229\" width=\"362\" height=\"475\" srcset=\"https:\/\/fonetyka.info\/wp-content\/uploads\/2019\/09\/Fonetyka-rosyjski-grodzisk-mazowiecki.png 724w, https:\/\/fonetyka.info\/wp-content\/uploads\/2019\/09\/Fonetyka-rosyjski-grodzisk-mazowiecki-229x300.png 229w\" sizes=\"(max-width: 362px) 100vw, 362px\" \/><\/a><figcaption>Podr\u0119czniki  do nauki j\u0119zyka rosyjskiego Metod\u0105 Bezpo\u015bredniej Komunikacji<\/figcaption><\/figure><\/div>\n","protected":false},"excerpt":{"rendered":"<p>Nauczamy j\u0119zyka rosyjskiego w Grodzisku Mazowieckim Pycc\u043a\u0438\u0439 designed with Direct Method (Rosyjski Metod\u0105 Bezpo\u015bredniej Komunikacji) jest seri\u0105 nowoczesnych i efektywnych podr\u0119cznik\u00f3w do nauki j\u0119zyka rosyjskiego. Fonetyka Szko\u0142a J\u0119zyk\u00f3w Obcych poleca t\u0105 seri\u0119 podr\u0119cznik\u00f3w do nauki j\u0119zyka rosyjskiego Metod\u0105 Bezpo\u015bredniej Komunikacji, gdy\u017c metoda ta pozwala na uczenie si\u0119 j\u0119zyka w&nbsp; efektywny spos\u00f3b i skupia si\u0119 na &hellip; <\/p>\n<p class=\"link-more\"><a href=\"https:\/\/fonetyka.info\/index.php\/niemiecki-angielski-hiszpanski-francuski-wloski-rosyjski-polski\/fonetyka-podreczniki\/rosyjski-metoda-bezposredniej-komunikacji\/\" class=\"more-link\">Czytaj dalej<span class=\"screen-reader-text\"> Rosyjski Metod\u0105 Bezpo\u015bredniej Komunikacji<\/span><\/a><\/p>\n","protected":false},"author":1,"featured_media":0,"parent":113,"menu_order":6,"comment_status":"closed","ping_status":"closed","template":"","meta":[],"_links":{"self":[{"href":"https:\/\/fonetyka.info\/index.php\/wp-json\/wp\/v2\/pages\/223"}],"collection":[{"href":"https:\/\/fonetyka.info\/index.php\/wp-json\/wp\/v2\/pages"}],"about":[{"href":"https:\/\/fonetyka.info\/index.php\/wp-json\/wp\/v2\/types\/page"}],"author":[{"embeddable":true,"href":"https:\/\/fonetyka.info\/index.php\/wp-json\/wp\/v2\/users\/1"}],"replies":[{"embeddable":true,"href":"https:\/\/fonetyka.info\/index.php\/wp-json\/wp\/v2\/comments?post=223"}],"version-history":[{"count":7,"href":"https:\/\/fonetyka.info\/index.php\/wp-json\/wp\/v2\/pages\/223\/revisions"}],"predecessor-version":[{"id":280,"href":"https:\/\/fonetyka.info\/index.php\/wp-json\/wp\/v2\/pages\/223\/revisions\/280"}],"up":[{"embeddable":true,"href":"https:\/\/fonetyka.info\/index.php\/wp-json\/wp\/v2\/pages\/113"}],"wp:attachment":[{"href":"https:\/\/fonetyka.info\/index.php\/wp-json\/wp\/v2\/media?parent=223"}],"curies":[{"name":"wp","href":"https:\/\/api.w.org\/{rel}","templated":true}]}}