{"id":289,"date":"2019-10-01T22:49:09","date_gmt":"2019-10-01T20:49:09","guid":{"rendered":"http:\/\/fonetyka.info\/?page_id=289"},"modified":"2020-02-02T11:32:21","modified_gmt":"2020-02-02T10:32:21","slug":"wloski-metoda-bezposredniej-komunikacji","status":"publish","type":"page","link":"https:\/\/fonetyka.info\/index.php\/niemiecki-angielski-hiszpanski-francuski-wloski-rosyjski-polski\/fonetyka-podreczniki\/wloski-metoda-bezposredniej-komunikacji\/","title":{"rendered":"W\u0142oski metod\u0105 bezpo\u015bredniej komunikacji"},"content":{"rendered":"\n<p><iframe loading=\"lazy\" src=\"https:\/\/player.vimeo.com\/video\/363640287\" allow=\"autoplay; fullscreen\" allowfullscreen=\"\" width=\"640\" height=\"360\" frameborder=\"0\"><\/iframe><\/p>\n\n\n\n<p>Podr\u0119czniki do nauki j\u0119zyka w\u0142oskiego tworzone dla Metody\nBezpo\u015bredniej Komunikacji to absolutna nowo\u015b\u0107. Seria Italiano pojawi\u0142a si\u0119 na\nrynku w roku 2018, a ju\u017c zdo\u0142a\u0142a podbi\u0107 serca s\u0142uchaczy, kt\u00f3rzy ceni\u0105 j\u0105 za\npraktyczne s\u0142ownictwo, liczne \u0107wiczenia gramatyczne, interesuj\u0105ce pytania i\nprzyjazn\u0105 grafik\u0119. Szko\u0142a j\u0119zykowa Fonetyka&nbsp;\nuczy w Grodzisku Mazowieckim j\u0119zyka w\u0142oskiego w oparciu o te\npodr\u0119czniki, zar\u00f3wno z tych powy\u017cej wymienionych powod\u00f3w jaki i tego, \u017ce\ndostrzegamy ogromn\u0105 efektywno\u015b\u0107 nauczania dzi\u0119ki tym&nbsp; podr\u0119cznikom. A efektywne nauczanie i&nbsp; dynamiczny progres w przyswajaniu w\u0142oskiego\ns\u0142ownictwa i gramatyki przez uczni\u00f3w naszej szko\u0142y, potwierdzaj\u0105 trafno\u015b\u0107\nnaszego wyboru. Zatem w naszej opinii oferujemy trafnie dobrane narz\u0119dzie aby\nszybko nauczy\u0107 si\u0119 m\u00f3wi\u0107 po w\u0142osku.<\/p>\n\n\n\n<p>Seria podr\u0119cznik\u00f3w Italiano sk\u0142ada si\u0119 z czterech podr\u0119cznik\u00f3w\nod poziomu A 1 (Beginner) &nbsp;do poziomu B1\n(Intermediate)<\/p>\n\n\n\n<div class=\"wp-block-image\"><figure class=\"aligncenter is-resized\"><img loading=\"lazy\" src=\"http:\/\/fonetyka.info\/wp-content\/uploads\/2019\/10\/Fonetyka-j\u0119zyk-w\u0142oski-Grodzisk-Mazowiecki.png\" alt=\"Cztery podr\u0119czniki do nauki j\u0119zyka w\u0142oskiego z serii Italiano w szkole j\u0119zykowej Fonetyka w Grodzisku Mazowieckim. \" class=\"wp-image-290\" width=\"361\" height=\"411\" srcset=\"https:\/\/fonetyka.info\/wp-content\/uploads\/2019\/10\/Fonetyka-j\u0119zyk-w\u0142oski-Grodzisk-Mazowiecki.png 721w, https:\/\/fonetyka.info\/wp-content\/uploads\/2019\/10\/Fonetyka-j\u0119zyk-w\u0142oski-Grodzisk-Mazowiecki-263x300.png 263w\" sizes=\"(max-width: 361px) 100vw, 361px\" \/><figcaption> <br> <br> <br> <br> <br>Seria podr\u0119cznik\u00f3w &#8222;Italiano&#8221; do nauki j\u0119zyka w\u0142oskiego Metod\u0105 Bezpo\u015bredniej Komunikacji.<br><\/figcaption><\/figure><\/div>\n\n\n\n<iframe loading=\"lazy\" src=\"https:\/\/player.vimeo.com\/video\/388796261\" width=\"640\" height=\"360\" frameborder=\"0\" allow=\"autoplay; fullscreen\" allowfullscreen><\/iframe>\n","protected":false},"excerpt":{"rendered":"<p>Podr\u0119czniki do nauki j\u0119zyka w\u0142oskiego tworzone dla Metody Bezpo\u015bredniej Komunikacji to absolutna nowo\u015b\u0107. Seria Italiano pojawi\u0142a si\u0119 na rynku w roku 2018, a ju\u017c zdo\u0142a\u0142a podbi\u0107 serca s\u0142uchaczy, kt\u00f3rzy ceni\u0105 j\u0105 za praktyczne s\u0142ownictwo, liczne \u0107wiczenia gramatyczne, interesuj\u0105ce pytania i przyjazn\u0105 grafik\u0119. Szko\u0142a j\u0119zykowa Fonetyka&nbsp; uczy w Grodzisku Mazowieckim j\u0119zyka w\u0142oskiego w oparciu o te &hellip; <\/p>\n<p class=\"link-more\"><a href=\"https:\/\/fonetyka.info\/index.php\/niemiecki-angielski-hiszpanski-francuski-wloski-rosyjski-polski\/fonetyka-podreczniki\/wloski-metoda-bezposredniej-komunikacji\/\" class=\"more-link\">Czytaj dalej<span class=\"screen-reader-text\"> W\u0142oski metod\u0105 bezpo\u015bredniej komunikacji<\/span><\/a><\/p>\n","protected":false},"author":1,"featured_media":0,"parent":113,"menu_order":5,"comment_status":"closed","ping_status":"closed","template":"","meta":[],"_links":{"self":[{"href":"https:\/\/fonetyka.info\/index.php\/wp-json\/wp\/v2\/pages\/289"}],"collection":[{"href":"https:\/\/fonetyka.info\/index.php\/wp-json\/wp\/v2\/pages"}],"about":[{"href":"https:\/\/fonetyka.info\/index.php\/wp-json\/wp\/v2\/types\/page"}],"author":[{"embeddable":true,"href":"https:\/\/fonetyka.info\/index.php\/wp-json\/wp\/v2\/users\/1"}],"replies":[{"embeddable":true,"href":"https:\/\/fonetyka.info\/index.php\/wp-json\/wp\/v2\/comments?post=289"}],"version-history":[{"count":5,"href":"https:\/\/fonetyka.info\/index.php\/wp-json\/wp\/v2\/pages\/289\/revisions"}],"predecessor-version":[{"id":340,"href":"https:\/\/fonetyka.info\/index.php\/wp-json\/wp\/v2\/pages\/289\/revisions\/340"}],"up":[{"embeddable":true,"href":"https:\/\/fonetyka.info\/index.php\/wp-json\/wp\/v2\/pages\/113"}],"wp:attachment":[{"href":"https:\/\/fonetyka.info\/index.php\/wp-json\/wp\/v2\/media?parent=289"}],"curies":[{"name":"wp","href":"https:\/\/api.w.org\/{rel}","templated":true}]}}