{"id":305,"date":"2019-10-09T20:59:03","date_gmt":"2019-10-09T18:59:03","guid":{"rendered":"http:\/\/fonetyka.info\/?page_id=305"},"modified":"2025-01-01T14:55:45","modified_gmt":"2025-01-01T13:55:45","slug":"aktualnosci","status":"publish","type":"page","link":"https:\/\/fonetyka.info\/index.php\/aktualnosci\/","title":{"rendered":"Aktualno\u015bci"},"content":{"rendered":"\n<h2>J\u0119zyk Grecki w Fonetyce<\/h2>\n\n\n\n<p>22.12.2024<\/p>\n\n\n\n<figure class=\"wp-block-image size-large\"><a href=\"http:\/\/fonetyka.info\/index.php\/nauka-jezyka-greckiego-w-grodzisku-mazowieckim\/\" target=\"_blank\" rel=\"noopener\"><img loading=\"lazy\" width=\"1024\" height=\"1024\" src=\"http:\/\/fonetyka.info\/wp-content\/uploads\/2024\/12\/Lekcje-greckiego-w-grodzisku-mazowieckim-1024x1024.jpg\" alt=\"j\u0119zyk grecki w grodzisku mazowieckim\" class=\"wp-image-690\" srcset=\"https:\/\/fonetyka.info\/wp-content\/uploads\/2024\/12\/Lekcje-greckiego-w-grodzisku-mazowieckim.jpg 1024w, https:\/\/fonetyka.info\/wp-content\/uploads\/2024\/12\/Lekcje-greckiego-w-grodzisku-mazowieckim-300x300.jpg 300w, https:\/\/fonetyka.info\/wp-content\/uploads\/2024\/12\/Lekcje-greckiego-w-grodzisku-mazowieckim-150x150.jpg 150w, https:\/\/fonetyka.info\/wp-content\/uploads\/2024\/12\/Lekcje-greckiego-w-grodzisku-mazowieckim-768x768.jpg 768w, https:\/\/fonetyka.info\/wp-content\/uploads\/2024\/12\/Lekcje-greckiego-w-grodzisku-mazowieckim-100x100.jpg 100w\" sizes=\"(max-width: 767px) 89vw, (max-width: 1000px) 54vw, (max-width: 1071px) 543px, 580px\" \/><\/a><\/figure>\n\n\n\n<p>Od nowego roku planujemy nowe grupy z j\u0119zykiem greckim w Grodzisku Mazowieckim.<\/p>\n\n\n\n<p>Proponujemy nauk\u0119 greckiego ze \u015bwietnym lektorem.<\/p>\n\n\n\n<p>Osoby zainteresowane lub chc\u0105ce uzyska\u0107 wi\u0119cej informacji na temat nauki greckiego w Szkole J\u0119zyk\u00f3w Obcych Fonetyka, prosimy o kontakt pod numerem telefonu\u00a0 +48 517 630 176<\/p>\n\n\n\n<p><a href=\"http:\/\/fonetyka.info\/index.php\/nauka-jezyka-greckiego-w-grodzisku-mazowieckim\/\">Przeczytaj wi\u0119cej na temat j\u0119zyka greckiego.<\/a><\/p>\n\n\n\n<p><\/p>\n\n\n\n<h2>Matematyka w Fonetyce<\/h2>\n\n\n\n<p>03.09.2024<\/p>\n\n\n\n<figure class=\"wp-block-image size-full\"><img loading=\"lazy\" width=\"680\" height=\"510\" src=\"http:\/\/fonetyka.info\/wp-content\/uploads\/2024\/09\/korepetycje-z-matematyki-1.jpg\" alt=\"\" class=\"wp-image-683\" srcset=\"https:\/\/fonetyka.info\/wp-content\/uploads\/2024\/09\/korepetycje-z-matematyki-1.jpg 680w, https:\/\/fonetyka.info\/wp-content\/uploads\/2024\/09\/korepetycje-z-matematyki-1-300x225.jpg 300w\" sizes=\"(max-width: 680px) 100vw, 680px\" \/><\/figure>\n\n\n\n<p>Egzamin \u00f3smoklasisty to nie problem! <\/p>\n\n\n\n<p>Zapraszamy na sobotnie zaj\u0119cia&nbsp; z matematyki dla potrzebuj\u0105cych. Zaj\u0119cia indywidualne i grupowe.<\/p>\n\n\n\n<p>W ostatnim roku odebrali\u015bmy wiele zapyta\u0144 o mo\u017cliwo\u015b\u0107 &nbsp;zorganizowania zaj\u0119\u0107 z matematyki, dlatego te\u017c&nbsp; w tym roku przygotowali\u015bmy dla Pa\u0144stwa tak\u0105 mo\u017cliwo\u015b\u0107.&nbsp; Obecnie ustalamy grafik spotka\u0144 grup i zaj\u0119\u0107 indywidualnych. Z uwagi na fakt, \u017ce dysponujemy tylko sobotami&nbsp; ilo\u015b\u0107 miejsc jest ograniczona.<\/p>\n\n\n\n<p>Zapraszamy serdecznie<\/p>\n\n\n\n<p>Szko\u0142a J\u0119zyk\u00f3w Obcych FONETYKA<\/p>\n\n\n\n<h2>Nowy rok szkolny!<\/h2>\n\n\n\n<p>06.09.2021 &#8211; Przed nami i Wami.<\/p>\n\n\n\n<p>Podobnie jak w poprzednich latach, b\u0119dziemy stara\u0107 si\u0119 aby zapewni\u0107 Wam najwy\u017cszy poziom&nbsp; nauczania,&nbsp; doskona\u0142\u0105 &nbsp;komunikacj\u0119 z nami i to z czego r\u00f3wnie\u017c s\u0142yniemy &#8211; elastyczno\u015b\u0107, dzi\u0119ki kt\u00f3rej udaje si\u0119 nam wsp\u00f3lnie po\u0142\u0105czy\u0107 &nbsp;cz\u0119sto niepasuj\u0105ce do siebie plany zaj\u0119\u0107.<\/p>\n\n\n\n<p>Przypominamy, i\u017c opr\u00f3cz tak popularnych j\u0119zyk\u00f3w jak: angielski, niemiecki, czy hiszpa\u0144ski, w Fonetyce nauczamy r\u00f3wnie\u017c j\u0119zyka w\u0142oskiego, francuskiego, rosyjskiego, hebrajskiego i korea\u0144skiego.<\/p>\n\n\n\n<p>Nab\u00f3r trwa, ilo\u015b\u0107 miejsc ograniczona.<\/p>\n\n\n\n<p>&nbsp;\u017byczymy sukces\u00f3w w nauce.<\/p>\n\n\n\n<p>Szko\u0142a J\u0119zyk\u00f3w Obcych&nbsp; FONETYKA<\/p>\n\n\n\n<h2>Nasi klienci s\u0105 bardzo wa\u017cni!<\/h2>\n\n\n\n<p>06.10.2020 &#8211; Jak bardzo?<\/p>\n\n\n\n<p>Tak bardzo, \u017ce postanowili\u015bmy uruchomi\u0107 dla nich nieodp\u0142atne wsparcie informatyczne!<\/p>\n\n\n\n<p>Dla wszystkich klient\u00f3w Szko\u0142y J\u0119zyk\u00f3w Obcych Fonetyka w Grodzisku Mazowieckim, kt\u00f3rzy potrzebuj\u0105 fachowej pomocy w uruchomieniu i konfiguracji platformy do nauki on-line, udost\u0119pniamy FONETYKA IT HELPDESK. Mamy nadziej\u0119, \u017ce oferowane przez nas rozwi\u0105zanie b\u0119dzie dla Pa\u0144stwa pomocne i uprzyjemni Pa\u0144stwu wsp\u00f3\u0142prac\u0119 z nami.<\/p>\n\n\n\n<p><span class=\"has-inline-color has-vivid-cyan-blue-color\">Wszystkie szczeg\u00f3\u0142y znajdziecie Pa\u0144stwo na naszej stronie w zak\u0142adce <a href=\"http:\/\/fonetyka.info\/index.php\/niemiecki-angielski-hiszpanski-francuski-wloski-rosyjski-polski\/fonetyka-it-helpdesk\/\">IT Helpdesk<\/a>.<\/span><\/p>\n\n\n\n<figure class=\"wp-block-image size-large\"><a href=\"http:\/\/fonetyka.info\/index.php\/niemiecki-angielski-hiszpanski-francuski-wloski-rosyjski-polski\/fonetyka-it-helpdesk\/\"><img loading=\"lazy\" width=\"714\" height=\"135\" src=\"http:\/\/fonetyka.info\/wp-content\/uploads\/2020\/10\/FONETYKA-IT-1.jpg\" alt=\"\" class=\"wp-image-614\" srcset=\"https:\/\/fonetyka.info\/wp-content\/uploads\/2020\/10\/FONETYKA-IT-1.jpg 714w, https:\/\/fonetyka.info\/wp-content\/uploads\/2020\/10\/FONETYKA-IT-1-300x57.jpg 300w\" sizes=\"(max-width: 714px) 100vw, 714px\" \/><\/a><\/figure>\n\n\n\n<h2>Egzaminy maturalne z j\u0119zyk\u00f3w obcych<\/h2>\n\n\n\n<p>05.10.2020 &#8211; Warto to wiedzie\u0107.<\/p>\n\n\n\n<p>Od przysz\u0142ego roku maj\u0105 obowi\u0105zywa\u0107 nowe wzory egzamin\u00f3w maturalnych dla j\u0119zyk\u00f3w obcych. Do tego roku obowi\u0105zywa\u0142y egzaminy wed\u0142ug formu\u0142y z 2015r. Obecnie Centralna Komisja Egzaminacyjna informuje nas, \u017ce nowa strona z arkuszami egzamin\u00f3w maturalnych w formule 2023 jest w budowie.<\/p>\n\n\n\n<p>Dla os\u00f3b poszukuj\u0105cych wzor\u00f3w arkuszy egzamin\u00f3w maturalnych dla j\u0119zyk\u00f3w obcych z poprzednich lat podajemy link do strony Centralnej Komisji Egzaminacyjnej, aby u\u0142atwi\u0107 im poszukiwania. Znajduj\u0105 si\u0119 tam wzory arkuszy z okresu 2015-2020 z takich j\u0119zyk\u00f3w nowo\u017cytnych jak: j\u0119zyk kaszubski, j\u0119zyk \u0142emkowski, j\u0119zyk litewski, j\u0119zyk ukrai\u0144ski, j\u0119zyk bia\u0142oruski, j\u0119zyk angielski, j\u0119zyk niemiecki, j\u0119zyk rosyjski, j\u0119zyk francuski, j\u0119zyk hiszpa\u0144ski, j\u0119zyk w\u0142oski.<\/p>\n\n\n\n<figure class=\"wp-block-embed is-type-wp-embed is-provider-cke wp-block-embed-cke\"><div class=\"wp-block-embed__wrapper\">\nhttps:\/\/cke.gov.pl\/egzamin-maturalny\/egzamin-w-nowej-formule\/arkusze\/\n<\/div><figcaption>Centralna Komisja Egzaminacyjna &#8211; arkusze maturalne w formule 2015<\/figcaption><\/figure>\n\n\n\n<p><iframe loading=\"lazy\" src=\"https:\/\/www.youtube.com\/embed\/8g7la8uqfRU\" allow=\"accelerometer; autoplay; clipboard-write; encrypted-media; gyroscope; picture-in-picture\" allowfullscreen=\"\" width=\"560\" height=\"315\" frameborder=\"0\"><\/iframe><\/p>\n\n\n\n<h2>EGZAMIN DLA \u00d3SMOKLASIST\u00d3W<\/h2>\n\n\n\n<p>16.09.2020 &#8211;  Ju\u017c za rok!<\/p>\n\n\n\n<p>Jakie j\u0119zyki mo\u017cna wybra\u0107 w czasie egzaminu 8-smoklasisty?<\/p>\n\n\n\n<p>Dotychczas najcz\u0119\u015bciej wybieranym j\u0119zykiem by\u0142 j\u0119zyk angielski, zdecydowa\u0142o si\u0119 na niego 95,7 procent egzaminowanych. Na drugim miejscu znalaz\u0142 si\u0119 j\u0119zyk niemiecki i wybra\u0142o ten j\u0119zyk obcy 3,8 procent uczni\u00f3w \u00f3smych klas szk\u00f3\u0142 podstawowych. Pozosta\u0142e j\u0119zyki obce jakie mo\u017cna by\u0142o wybra\u0107 podczas egzaminu \u00f3smoklasisty to: hiszpa\u0144ski, francuski, w\u0142oski oraz rosyjski.&nbsp; T\u0105 opcj\u0119, \u0142\u0105cznie wybra\u0142o zaledwie 0,5 procenta uczestnik\u00f3w egzamin\u00f3w.<\/p>\n\n\n\n<p>Je\u015bli kto\u015b chcia\u0142by zapozna\u0107 si\u0119 z arkuszami egzaminacyjnymi, egzamin\u00f3w dla \u00f3smoklasist\u00f3w, aby lepiej przygotowa\u0107 swoje pociechy do przysz\u0142orocznego testu, gor\u0105co zach\u0119camy zrobi\u0107 to ju\u017c teraz.<\/p>\n\n\n\n<p>Pod tym linkiem znajduj\u0105 si\u0119 oficjalne arkusze egzaminacyjne : <\/p>\n\n\n\n<p><a href=\"https:\/\/cke.gov.pl\/egzamin-osmoklasisty\/arkusze\" target=\"_blank\" rel=\"noreferrer noopener\">https:\/\/cke.gov.pl\/egzamin-osmoklasisty\/arkusze<\/a><\/p>\n\n\n\n<figure class=\"wp-block-image size-large\"><img loading=\"lazy\" width=\"1024\" height=\"636\" src=\"http:\/\/fonetyka.info\/wp-content\/uploads\/2020\/09\/Egzamin-\u00f3smoklasisty-Fonetyka-1-1024x636.jpg\" alt=\"\" class=\"wp-image-599\" srcset=\"https:\/\/fonetyka.info\/wp-content\/uploads\/2020\/09\/Egzamin-\u00f3smoklasisty-Fonetyka-1-1024x636.jpg 1024w, https:\/\/fonetyka.info\/wp-content\/uploads\/2020\/09\/Egzamin-\u00f3smoklasisty-Fonetyka-1-300x186.jpg 300w, https:\/\/fonetyka.info\/wp-content\/uploads\/2020\/09\/Egzamin-\u00f3smoklasisty-Fonetyka-1-768x477.jpg 768w, https:\/\/fonetyka.info\/wp-content\/uploads\/2020\/09\/Egzamin-\u00f3smoklasisty-Fonetyka-1-1536x955.jpg 1536w, https:\/\/fonetyka.info\/wp-content\/uploads\/2020\/09\/Egzamin-\u00f3smoklasisty-Fonetyka-1.jpg 1617w\" sizes=\"(max-width: 767px) 89vw, (max-width: 1000px) 54vw, (max-width: 1071px) 543px, 580px\" \/><figcaption>Egzamin \u00f3smoklasisty z j\u0119zyk\u00f3w obcych: angielski,niemiecki, hiszpa\u0144ski, francuski, w\u0142oski, rosyjski.<\/figcaption><\/figure>\n\n\n\n<p><\/p>\n\n\n\n<h2>NOWO\u015a\u0106 W FONETYCE &#8211; ZAJ\u0118CIA HYBRYDOWE<\/h2>\n\n\n\n<p>07.09.2020 &#8211; Czy w domu, czy w szkole, ale zawsze razem!<\/p>\n\n\n\n<p>Z my\u015bl\u0105 o mo\u017cliwych utrudnieniach zwi\u0105zanych z dynamicznie zmieniaj\u0105c\u0105 si\u0119 sytuacj\u0105 sanitarn\u0105, jak r\u00f3wnie\u017c z powodu misyjnego podnoszenia standard\u00f3w w naszej szkole j\u0119zykowej, uruchamiamy nauczanie hybrydowe.<\/p>\n\n\n\n<p>Od teraz, dzi\u0119ki zaj\u0119ciom prowadzonym stacjonarnie w naszej nowej, multimedialnej sali do nauczania hybrydowego, s\u0142uchacze pozostaj\u0105cy w domu b\u0119d\u0105 mogli do\u0142\u0105cza\u0107 do s\u0142uchaczy znajduj\u0105cych si\u0119 w szkole i wsp\u00f3lnie uczestniczy\u0107 w nauce. Za spraw\u0105 wdro\u017conych profesjonalnych rozwi\u0105za\u0144 audio-wizualnych, wszyscy swobodnie b\u0119d\u0105 mogli rozmawia\u0107 ze sob\u0105, widz\u0105c si\u0119 nawzajem.<\/p>\n\n\n\n<p>Jest to doskona\u0142e rozwi\u0105zanie dla os\u00f3b, kt\u00f3re lubi\u0105 uczy\u0107 si\u0119 j\u0119zyk\u00f3w obcych i konwersowa\u0107 w niewielkich grupach, ale z jakiego\u015b powodu maj\u0105 trudno\u015bci z dojazdem do naszej szko\u0142y.<\/p>\n\n\n\n<figure class=\"wp-block-image size-large\"><img loading=\"lazy\" width=\"1024\" height=\"683\" src=\"http:\/\/fonetyka.info\/wp-content\/uploads\/2020\/09\/Fonetyka_hybrydowa-1024x683.jpg\" alt=\"Zaj\u0119cia hybrydowe w szkole j\u0119zyk\u00f3w obcych w Grodzisku Mazowieckim.\" class=\"wp-image-595\" srcset=\"https:\/\/fonetyka.info\/wp-content\/uploads\/2020\/09\/Fonetyka_hybrydowa-1024x683.jpg 1024w, https:\/\/fonetyka.info\/wp-content\/uploads\/2020\/09\/Fonetyka_hybrydowa-300x200.jpg 300w, https:\/\/fonetyka.info\/wp-content\/uploads\/2020\/09\/Fonetyka_hybrydowa-768x512.jpg 768w, https:\/\/fonetyka.info\/wp-content\/uploads\/2020\/09\/Fonetyka_hybrydowa-1536x1024.jpg 1536w, https:\/\/fonetyka.info\/wp-content\/uploads\/2020\/09\/Fonetyka_hybrydowa-2048x1365.jpg 2048w\" sizes=\"(max-width: 767px) 89vw, (max-width: 1000px) 54vw, (max-width: 1071px) 543px, 580px\" \/><\/figure>\n\n\n\n<h2>ZAPISY NA KURSY J\u0118ZYKOWE W TOKU \ud83d\ude42<\/h2>\n\n\n\n<p>01.09.2020 &#8211; Wrzesie\u0144 to miesi\u0105c gor\u0105czkowych poszukiwa\u0144 i wybor\u00f3w.<\/p>\n\n\n\n<p>Kto, gdzie, jak i kiedy? <\/p>\n\n\n\n<p>Osoby poszukuj\u0105ce odpowiedzi na te, czy inne pytania dotycz\u0105ce nauki j\u0119zyk\u00f3w obcych takich jak:  angielski, niemiecki, francuski, hiszpa\u0144ski, rosyjski, w\u0142oski, korea\u0144ski, hebrajski, polski, mog\u0105 je znale\u017a\u0107 w Fonetyce Szkole J\u0119zyk\u00f3w Obcych. Wiele j\u0119zyk\u00f3w, wiele mo\u017cliwo\u015bci, r\u00f3\u017cne formy nauczania i r\u00f3\u017cnorodne grupy. Lektorzy wyspecjalizowani w nauczaniu dzieci, m\u0142odzie\u017cy i doros\u0142ych. Zadzwo\u0144cie, odwied\u017acie nas! (<a rel=\"noreferrer noopener\" href=\"http:\/\/fonetyka.info\/index.php\/niemiecki-angielski-hiszpanski-francuski-wloski-rosyjski-polski\/fonetyka-kontakt\/\" target=\"_blank\">kontakt<\/a>)<\/p>\n\n\n\n<figure class=\"wp-block-image size-large\"><img loading=\"lazy\" width=\"1024\" height=\"576\" src=\"http:\/\/fonetyka.info\/wp-content\/uploads\/2020\/09\/Fonetyka-j\u0119zyki-obce-1024x576.jpg\" alt=\"Ocean mozliwo\u015bci - Fonetyka Szko\u0142a Jezyk\u00f3w Obcych\" class=\"wp-image-585\" srcset=\"https:\/\/fonetyka.info\/wp-content\/uploads\/2020\/09\/Fonetyka-j\u0119zyki-obce-1024x576.jpg 1024w, https:\/\/fonetyka.info\/wp-content\/uploads\/2020\/09\/Fonetyka-j\u0119zyki-obce-300x169.jpg 300w, https:\/\/fonetyka.info\/wp-content\/uploads\/2020\/09\/Fonetyka-j\u0119zyki-obce-768x432.jpg 768w, https:\/\/fonetyka.info\/wp-content\/uploads\/2020\/09\/Fonetyka-j\u0119zyki-obce.jpg 1280w\" sizes=\"(max-width: 767px) 89vw, (max-width: 1000px) 54vw, (max-width: 1071px) 543px, 580px\" \/><\/figure>\n\n\n\n<h2>W WAKACJE NAUCZAMY!<\/h2>\n\n\n\n<p>14.06.2020 &#8211; Mamy dobr\u0105 w wiadomo\u015b\u0107- zostajemy dla Was!<\/p>\n\n\n\n<p>Wakacyjne nauczanie dopasowujemy do Waszych potrzeb. Chcecie sobie co\u015b przypomnie\u0107, utrwali\u0107, po\u0107wiczy\u0107 konwersacj\u0119 przed wa\u017cnym spotkaniem? A mo\u017ce zwyczajnie pouczy\u0107 si\u0119 na wakacyjnym luzie? Je\u015bli chcecie si\u0119 uczy\u0107 a Wasi koledzy czy kole\u017canki z grupy j\u0119zykowej, chc\u0105 mie\u0107 wakacje, nie przejmujcie si\u0119. Powiedzcie nam o tym a przygotujemy indywidualne rozwi\u0105zania dla Was. Mo\u017cliwo\u015bci jest wiele. Zg\u0142o\u015bcie ch\u0119\u0107 nauki j\u0119zyka obcego w wakacje, a my zajmiemy si\u0119 reszt\u0105. Tradycyjnie zapraszamy na : angielski, niemiecki, hiszpa\u0144ski, francuski, w\u0142oski, rosyjski, korea\u0144ski, hebrajski i oczywi\u015bcie polski dla cudzoziemc\u00f3w. Telefon ten sam \ud83d\ude42&nbsp; 517 630 176<\/p>\n\n\n\n<figure class=\"wp-block-image size-large\"><img loading=\"lazy\" width=\"822\" height=\"595\" src=\"http:\/\/fonetyka.info\/wp-content\/uploads\/2020\/06\/W-wakacje-nauczmy_-Fonetyka.jpg\" alt=\"\" class=\"wp-image-438\" srcset=\"https:\/\/fonetyka.info\/wp-content\/uploads\/2020\/06\/W-wakacje-nauczmy_-Fonetyka.jpg 822w, https:\/\/fonetyka.info\/wp-content\/uploads\/2020\/06\/W-wakacje-nauczmy_-Fonetyka-300x217.jpg 300w, https:\/\/fonetyka.info\/wp-content\/uploads\/2020\/06\/W-wakacje-nauczmy_-Fonetyka-768x556.jpg 768w\" sizes=\"(max-width: 767px) 89vw, (max-width: 1000px) 54vw, (max-width: 1071px) 543px, 580px\" \/><\/figure>\n\n\n\n<p><\/p>\n\n\n\n<h2>\u015aWI\u0118TA WIELKANOCNE<\/h2>\n\n\n\n<p>01.04.2020 &#8211; To \u015bwi\u0119ta odradzaj\u0105cej si\u0119 nadziei <\/p>\n\n\n\n<p>Z okazji \u015awi\u0105t Wielkanocnych \u017cyczymy wszystkim, zdrowia, pogody ducha i si\u0142y, kt\u00f3ra oddali chwile zw\u0105tpienia. Aby uczci\u0107 atmosfer\u0119 tych \u015bwi\u0105t i da\u0107 odp\u00f3r smutkowi i panuj\u0105cemu l\u0119kowi przed niepewnym dniem jutrzejszym Fonetyka Szko\u0142a J\u0119zyk\u00f3w Obcych przygotowa\u0142a bajeczne \u017cyczenia dla wszystkich. Niewa\u017cne kim jeste\u015bcie i co robicie, gdziekolwiek si\u0119 znajdujecie &#8211; B\u0105d\u017acie niez\u0142omni i pe\u0142ni w\u0142a\u015bciwych refleksji, aby m\u00f3c troszczy\u0107 si\u0119 o siebie, swoich bliskich i \u015bwiat, na kt\u00f3rym \u017cyjecie.<\/p>\n\n\n\n<iframe loading=\"lazy\" src=\"https:\/\/player.vimeo.com\/video\/402894089\" allow=\"autoplay; fullscreen\" allowfullscreen=\"\" width=\"640\" height=\"360\" frameborder=\"0\"><\/iframe>\n\n\n\n\n\n<h2>NAUCZANIE ZDALNE<\/h2>\n\n\n\n<p> 18.03.2020 &#8211; Zmieniamy si\u0119 dla Was! <\/p>\n\n\n\n<figure class=\"wp-block-image size-large\"><img loading=\"lazy\" width=\"1024\" height=\"742\" src=\"http:\/\/fonetyka.info\/wp-content\/uploads\/2020\/03\/FONETYKA_ON-LINE_google_MA\u0141Y-1024x742.jpg\" alt=\"\" class=\"wp-image-382\" srcset=\"https:\/\/fonetyka.info\/wp-content\/uploads\/2020\/03\/FONETYKA_ON-LINE_google_MA\u0141Y-1024x742.jpg 1024w, https:\/\/fonetyka.info\/wp-content\/uploads\/2020\/03\/FONETYKA_ON-LINE_google_MA\u0141Y-300x217.jpg 300w, https:\/\/fonetyka.info\/wp-content\/uploads\/2020\/03\/FONETYKA_ON-LINE_google_MA\u0141Y-768x556.jpg 768w, https:\/\/fonetyka.info\/wp-content\/uploads\/2020\/03\/FONETYKA_ON-LINE_google_MA\u0141Y.jpg 1142w\" sizes=\"(max-width: 767px) 89vw, (max-width: 1000px) 54vw, (max-width: 1071px) 543px, 580px\" \/><figcaption>Uczymy zdalnie j\u0119zyk\u00f3w  obcych &#8211; Fonetyka.<\/figcaption><\/figure>\n\n\n\n<p>Fonetyka Szko\u0142a J\u0119zyk\u00f3w Obcych oferuje nauk\u0119 j\u0119zyk\u00f3w obcych r\u00f3wnie\u017c zdalnie za po\u015brednictwem popularnego i sprawdzonego narz\u0119dzia telekonferencyjnego.<br>Dost\u0119p do zaj\u0119\u0107 w nowej formuje daje wiele nowych mo\u017cliwo\u015bci. Udzia\u0142 w zaj\u0119ciach z j\u0119zyka obcego w Fonetyce, bez odchodzenia od biurka w pracy teraz jest mo\u017cliwy. W sytuacjach kiedy nie mo\u017cemy dojecha\u0107 na zaj\u0119cia stacjonarne, istnieje mo\u017cliwo\u015b\u0107 udzia\u0142u w nich z domu. Wszyscy mieszkaj\u0105cy daleko od siedziby naszej szko\u0142y, ale mimo wszystko zainteresowani zdobywaniem wiedzy w oparciu o do\u015bwiadczenie naszych lektor\u00f3w, teraz mog\u0105 zosta\u0107 s\u0142uchaczami na naszych kursach j\u0119zykowych.  Kursy j\u0119zykowe dost\u0119pne metod\u0105 zdaln\u0105 to: angielski on-line, niemiecki on-line, hiszpa\u0144ski on-line, francuski on-line, rosyjski on-line, w\u0142oski on-line, korea\u0144ski on-line.<\/p>\n\n\n\n<p> Osoby zainteresowane tak\u0105 form\u0105 nauki prosimy o kontakt <a href=\"mailto:fonetyka@fonetyka.info\">fonetyka@fonetyka.info<\/a>  <\/p>\n\n\n\n<p><br><\/p>\n\n\n\n<h2>Zaj\u0119cia ON-LINE<\/h2>\n\n\n\n<p> 15.03.2020 \u2013 Testy programu do prowadzenia lekcji  on-line za nami!<\/p>\n\n\n\n<p>Je\u015bli szukacie mo\u017cliwo\u015bci nauki j\u0119zyk\u00f3w obcych, z mo\u017cliwo\u015bci\u0105\nzaj\u0119\u0107 on-line, to zapraszamy do nas! Fonetyka Szko\u0142a J\u0119zyk\u00f3w Obcych organizuje\nzaj\u0119cia, w kt\u00f3rych wszyscy albo cz\u0119\u015b\u0107 s\u0142uchaczy z grupy mo\u017ce uczestniczy\u0107 w\nzaj\u0119ciach, nie wychodz\u0105c z domu czy pracy.<\/p>\n\n\n\n<p>Wystarczy posiada\u0107 komputer (laptop) lub tablet wyposa\u017cone w kamery lub z kamer\u0105 dodatkow\u0105 oraz s\u0142uchawki z mikrofonem i zg\u0142osi\u0107 si\u0119 do nas.Za po\u015brednictwem wideokonferencji mo\u017cna bra\u0107 udzia\u0142 w zaj\u0119ciach indywidualnych i grupowych.Z uwagi na komfort pracy w grupach, przyjmujemy za\u0142o\u017cenie, i\u017c grupy nie b\u0119d\u0105 wi\u0119ksza ni\u017c 6 os\u00f3b.<\/p>\n\n\n\n<p>Osoby zainteresowane tak\u0105 form\u0105 nauki prosimy o kontakt <a href=\"mailto:fonetyka@fonetyka.info\">fonetyka@fonetyka.info<\/a> <\/p>\n\n\n\n<figure class=\"wp-block-image size-large\"><img loading=\"lazy\" width=\"1024\" height=\"684\" src=\"http:\/\/fonetyka.info\/wp-content\/uploads\/2020\/03\/Fonetyka-Szko\u0142a-J\u0119zyk\u00f3w-Obcych-on-line-1024x684.jpg\" alt=\"Lekcje j\u0119zyka niemieckiego, angielskiego on-line, bez wychodzenia z domu.\" class=\"wp-image-374\" srcset=\"https:\/\/fonetyka.info\/wp-content\/uploads\/2020\/03\/Fonetyka-Szko\u0142a-J\u0119zyk\u00f3w-Obcych-on-line-1024x684.jpg 1024w, https:\/\/fonetyka.info\/wp-content\/uploads\/2020\/03\/Fonetyka-Szko\u0142a-J\u0119zyk\u00f3w-Obcych-on-line-300x200.jpg 300w, https:\/\/fonetyka.info\/wp-content\/uploads\/2020\/03\/Fonetyka-Szko\u0142a-J\u0119zyk\u00f3w-Obcych-on-line-768x513.jpg 768w, https:\/\/fonetyka.info\/wp-content\/uploads\/2020\/03\/Fonetyka-Szko\u0142a-J\u0119zyk\u00f3w-Obcych-on-line-1536x1025.jpg 1536w, https:\/\/fonetyka.info\/wp-content\/uploads\/2020\/03\/Fonetyka-Szko\u0142a-J\u0119zyk\u00f3w-Obcych-on-line.jpg 2048w\" sizes=\"(max-width: 767px) 89vw, (max-width: 1000px) 54vw, (max-width: 1071px) 543px, 580px\" \/><figcaption>Lekcje on-line j\u0119zyka niemieckiego &#8211; Fonetyka Szko\u0142a J\u0119zyk\u00f3w Obcych<\/figcaption><\/figure>\n\n\n\n<p><\/p>\n\n\n\n<h2>Nab\u00f3r do grup pocz\u0105tkuj\u0105cych j\u0119zyka w\u0142oskiego<\/h2>\n\n\n\n<p>  02.02.2020 &#8211; Dla dzieci, m\u0142odzie\u017cy i doros\u0142ych!<\/p>\n\n\n\n<p> Rozpoczynamy nowy nab\u00f3r do grup pocz\u0105tkuj\u0105cych j\u0119zyka w\u0142oskiego . Zaj\u0119cia mog\u0105 wystartowa\u0107 ju\u017c po feriach.  J\u0119zyk w\u0142oski, to r\u00f3wnie\u017c wspania\u0142a kuchnia a tak\u017ce kultura i sztuka. To idealny moment aby pozna\u0107 ten j\u0119zyk, przed wakacyjnymi przygodami. Zaj\u0119cia odbywaj\u0105 si\u0119 w Grodzisku Mazowieckim przy ul. 11 Listopada 28, I pi\u0119tro.<\/p>\n\n\n\n<iframe loading=\"lazy\" src=\"https:\/\/player.vimeo.com\/video\/388796261\" allow=\"autoplay; fullscreen\" allowfullscreen=\"\" width=\"640\" height=\"360\" frameborder=\"0\"><\/iframe>\n\n\n\n<p> <\/p>\n\n\n\n<h2>Razem mo\u017cemy wi\u0119cej!<\/h2>\n\n\n\n<p>Potrzebna pomoc dla Martusi.   Bez operacji Martusi\u0119 czeka straszny los\u2026 Niedow\u0142ad r\u0105k i n\u00f3g, a potem parali\u017c i inwalidztwo. Wegetacja do ko\u0144ca jej dni\u2026 <\/p>\n\n\n<p><a href=\"https:\/\/www.siepomaga.pl\/marta-podgorska\" title=\"Siepomaga.pl - zbi\u00f3rki charytatywne\"><br>\n<iframe loading=\"lazy\" scrolling=\"no\" src=\"https:\/\/www.siepomaga.pl\/marta-podgorska\/banner\" width=\"300px\" height=\"450px\" frameborder=\"0\"><\/iframe><\/a><\/p>\n\n\n\n\n<h2>Weso\u0142ych \u015awi\u0105t Bo\u017cego Narodzenia! <\/h2>\n\n\n\n<p>20.12.2019 &#8211;  Szko\u0142a J\u0119zyk\u00f3w Obcych Fonetyka \u017cyczy zdrowych i weso\u0142ych \u015awi\u0105t Bo\u017cego Narodzenia \ud83d\ude42<\/p>\n\n\n\n<p><iframe loading=\"lazy\" src=\"https:\/\/player.vimeo.com\/video\/379942971\" allow=\"autoplay; fullscreen\" allowfullscreen=\"\" width=\"640\" height=\"360\" frameborder=\"0\"><\/iframe><\/p>\n\n\n\n<h2>Nowa grupa j\u0119zyka francuskiego<\/h2>\n\n\n\n<p>25.11.2019 &#8211; Startuje nab\u00f3r do nowej grupy j\u0119zyka francuskiego. Je\u015bli kto\u015b chcia\u0142by uczy\u0107 si\u0119 francuskiego w Grodzisku Mazowieckim, to serdecznie zapraszamy. Wi\u0119cej informacji pod nr. 517 630 176<\/p>\n\n\n\n<figure class=\"wp-block-image size-large is-resized\"><img loading=\"lazy\" src=\"http:\/\/fonetyka.info\/wp-content\/uploads\/2019\/11\/Fonetyka_-francuski-w-Grodzisku-1024x536.png\" alt=\"j\u0119zyk francuski - Grodzisk Mazowiecki,\nszko\u0142a j\u0119zykowa Fonetyka.\" class=\"wp-image-328\" width=\"512\" height=\"268\" srcset=\"https:\/\/fonetyka.info\/wp-content\/uploads\/2019\/11\/Fonetyka_-francuski-w-Grodzisku-1024x536.png 1024w, https:\/\/fonetyka.info\/wp-content\/uploads\/2019\/11\/Fonetyka_-francuski-w-Grodzisku-300x157.png 300w, https:\/\/fonetyka.info\/wp-content\/uploads\/2019\/11\/Fonetyka_-francuski-w-Grodzisku-768x402.png 768w, https:\/\/fonetyka.info\/wp-content\/uploads\/2019\/11\/Fonetyka_-francuski-w-Grodzisku.png 1200w\" sizes=\"(max-width: 512px) 100vw, 512px\" \/><\/figure>\n\n\n\n<h2>Dwie osoby na francuski<\/h2>\n\n\n\n<p>09.10.2019 &#8211;  Pocz\u0105tkuj\u0105ca, m\u0142odzie\u017cowa grupa j\u0119zyka francuskiego, poszukuje dw\u00f3ch brakuj\u0105cych os\u00f3b, do nauki j\u0119zyka francuskiego.  <br>Wi\u0119cej informacji pod telefonem: 517 630 176.<\/p>\n\n\n\n<p><\/p>\n\n\n\n<div class=\"wp-block-image\"><figure class=\"aligncenter is-resized\"><img loading=\"lazy\" src=\"http:\/\/fonetyka.info\/wp-content\/uploads\/2019\/10\/Francuski-nab\u00f3ggr.png\" alt=\"Fonetyka szko\u0142a j\u0119zyk\u00f3w obcych w Grodzisku Mazowieckim, zaprasza na lekcje j\u0119zyka francuskiego. Dzieci, m\u0142odzie\u017c i doros\u0142ych.\" class=\"wp-image-307\" width=\"514\" height=\"269\" srcset=\"https:\/\/fonetyka.info\/wp-content\/uploads\/2019\/10\/Francuski-nab\u00f3ggr.png 573w, https:\/\/fonetyka.info\/wp-content\/uploads\/2019\/10\/Francuski-nab\u00f3ggr-300x157.png 300w\" sizes=\"(max-width: 514px) 100vw, 514px\" \/><\/figure><\/div>\n\n\n\n<p><\/p>\n\n\n\n<h2>Jedna osoba na hebrajski<\/h2>\n\n\n\n<p>08.10.2019 &#8211; Zosta\u0142o jeszcze jedno wolne miejsce w pocz\u0105tkuj\u0105cej grupie j\u0119zyka hebrajskiego. Osob\u0119 zainteresowan\u0105 prosimy o kontakt tel 517 630 176<\/p>\n\n\n\n<div class=\"wp-block-image\"><figure class=\"aligncenter is-resized\"><img loading=\"lazy\" src=\"http:\/\/fonetyka.info\/wp-content\/uploads\/2019\/09\/Hebrajski-w-Grodzisku-Mazowieckim-1024x536.png\" alt=\"Nauka j\u0119zyka hebrajskiego w Grodzisku Mazowieckim\" class=\"wp-image-264\" width=\"512\" height=\"268\" srcset=\"https:\/\/fonetyka.info\/wp-content\/uploads\/2019\/09\/Hebrajski-w-Grodzisku-Mazowieckim-1024x536.png 1024w, https:\/\/fonetyka.info\/wp-content\/uploads\/2019\/09\/Hebrajski-w-Grodzisku-Mazowieckim-300x157.png 300w, https:\/\/fonetyka.info\/wp-content\/uploads\/2019\/09\/Hebrajski-w-Grodzisku-Mazowieckim-768x402.png 768w, https:\/\/fonetyka.info\/wp-content\/uploads\/2019\/09\/Hebrajski-w-Grodzisku-Mazowieckim.png 1200w\" sizes=\"(max-width: 512px) 100vw, 512px\" \/><\/figure><\/div>\n","protected":false},"excerpt":{"rendered":"<p>J\u0119zyk Grecki w Fonetyce 22.12.2024 Od nowego roku planujemy nowe grupy z j\u0119zykiem greckim w Grodzisku Mazowieckim. Proponujemy nauk\u0119 greckiego ze \u015bwietnym lektorem. Osoby zainteresowane lub chc\u0105ce uzyska\u0107 wi\u0119cej informacji na temat nauki greckiego w Szkole J\u0119zyk\u00f3w Obcych Fonetyka, prosimy o kontakt pod numerem telefonu\u00a0 +48 517 630 176 Przeczytaj wi\u0119cej na temat j\u0119zyka greckiego. &hellip; <\/p>\n<p class=\"link-more\"><a href=\"https:\/\/fonetyka.info\/index.php\/aktualnosci\/\" class=\"more-link\">Czytaj dalej<span class=\"screen-reader-text\"> Aktualno\u015bci<\/span><\/a><\/p>\n","protected":false},"author":1,"featured_media":0,"parent":0,"menu_order":0,"comment_status":"closed","ping_status":"closed","template":"","meta":[],"_links":{"self":[{"href":"https:\/\/fonetyka.info\/index.php\/wp-json\/wp\/v2\/pages\/305"}],"collection":[{"href":"https:\/\/fonetyka.info\/index.php\/wp-json\/wp\/v2\/pages"}],"about":[{"href":"https:\/\/fonetyka.info\/index.php\/wp-json\/wp\/v2\/types\/page"}],"author":[{"embeddable":true,"href":"https:\/\/fonetyka.info\/index.php\/wp-json\/wp\/v2\/users\/1"}],"replies":[{"embeddable":true,"href":"https:\/\/fonetyka.info\/index.php\/wp-json\/wp\/v2\/comments?post=305"}],"version-history":[{"count":45,"href":"https:\/\/fonetyka.info\/index.php\/wp-json\/wp\/v2\/pages\/305\/revisions"}],"predecessor-version":[{"id":704,"href":"https:\/\/fonetyka.info\/index.php\/wp-json\/wp\/v2\/pages\/305\/revisions\/704"}],"wp:attachment":[{"href":"https:\/\/fonetyka.info\/index.php\/wp-json\/wp\/v2\/media?parent=305"}],"curies":[{"name":"wp","href":"https:\/\/api.w.org\/{rel}","templated":true}]}}