{"id":319,"date":"2019-11-25T10:24:43","date_gmt":"2019-11-25T09:24:43","guid":{"rendered":"http:\/\/fonetyka.info\/?page_id=319"},"modified":"2019-11-25T10:37:33","modified_gmt":"2019-11-25T09:37:33","slug":"polski-dla-cudzoziemcow","status":"publish","type":"page","link":"https:\/\/fonetyka.info\/index.php\/niemiecki-angielski-hiszpanski-francuski-wloski-rosyjski-polski\/fonetyka-podreczniki\/polski-dla-cudzoziemcow\/","title":{"rendered":"Polski dla cudzoziemc\u00f3w"},"content":{"rendered":"\n<p>Dzi\u0119ki &#8222;Polski designed with Direct Method&#8221; szko\u0142a j\u0119zykowa Fonetyka mo\u017ce zaoferowa\u0107 nauk\u0119 j\u0119zyka polskiego w Grodzisku Mazowieckim, bardzo szybk\u0105 i efektywn\u0105 metod\u0105 bezpo\u015bredni\u0105.<\/p>\n\n\n\n<p>Dzi\u0119ki tej metodzie i podr\u0119cznikom specjalnie opracowanym\ndla os\u00f3b, kt\u00f3re potrzebuj\u0105 szybkiej nauki j\u0119zyka polskiego, kursanci mog\u0105\ndokonywa\u0107 du\u017cych post\u0119p\u00f3w w nauce w stosunkowo nie d\u0142ugim czasie. A jak wiemy &#8222;czas\nto pieni\u0105dz&#8221;.<\/p>\n\n\n\n<p>Podejmuj\u0105c nauk\u0119 j\u0119zyka polskiego na kursie, &#8222;Polski dla obcokrajowc\u00f3w&#8221;, s\u0142uchacz dzi\u0119ki podr\u0119cznikom &#8222;Polski designed with Direct Method&#8221; b\u0119dzie:<\/p>\n\n\n\n<ul><li>pos\u0142ugiwa\u0142 si\u0119 nowoczesnym s\u0142ownictwem<\/li><li>prowadzi\u0142 interesuj\u0105ce konwersacje w oparciu o zestawy pyta\u0144 i odpowiedzi zawartych w podr\u0119cznikach<\/li><li>uczy\u0142 si\u0119 gramatyki przedstawionej w \u0142atwy i zrozumia\u0142y spos\u00f3b<\/li><li>\u0107wiczy\u0142 i utrwala\u0142 wiedz\u0119 &nbsp;w oparciu o liczne dodatkowe \u0107wiczenia gramatyczne<\/li><\/ul>\n\n\n\n<p>A to wszystko za spraw\u0105 profesjonalnego lektora i wy\u015bmienitych podr\u0119cznik\u00f3w, w kt\u00f3rych znajduj\u0105 si\u0119:<\/p>\n\n\n\n<ul><li>oko\u0142o 600 nowych s\u0142\u00f3w<\/li><li>podstawowe informacje gramatyczne<\/li><li>zestawy pyta\u0144 i odpowiedzi<\/li><li>praktyczne dialogi<\/li><li>\u0107wiczenia na s\u0142ownictwo i gramatyk\u0119<\/li><li>klucze odpowiedzi i indeks s\u0142ownictwa<\/li><li>pliki do s\u0142uchania w formacie mp3 ze s\u0142\u00f3wkami, pytaniami i odpowiedziami<\/li><\/ul>\n\n\n\n<figure class=\"wp-block-image size-full is-resized\"><img loading=\"lazy\" src=\"http:\/\/fonetyka.info\/wp-content\/uploads\/2019\/11\/Fonetyka-polski-grodzisk.png\" alt=\"Szko\u0142a j\u0119zyk\u00f3w obcych Fonetyka w Grodzisku Mazowieckim zaprasza na kurs j\u0119zyka polskiego dla obcokrajowc\u00f3w.\" class=\"wp-image-321\" width=\"525\" height=\"603\" srcset=\"https:\/\/fonetyka.info\/wp-content\/uploads\/2019\/11\/Fonetyka-polski-grodzisk.png 700w, https:\/\/fonetyka.info\/wp-content\/uploads\/2019\/11\/Fonetyka-polski-grodzisk-261x300.png 261w\" sizes=\"(max-width: 525px) 100vw, 525px\" \/><figcaption>J\u0119zyk polski dla cudzoziemc\u00f3w z podr\u0119cznikami  &#8221; Polski designed with Direct Method&#8221; &#8211; Grodzisk Mazowiecki<br> <br> <br><\/figcaption><\/figure>\n","protected":false},"excerpt":{"rendered":"<p>Dzi\u0119ki &#8222;Polski designed with Direct Method&#8221; szko\u0142a j\u0119zykowa Fonetyka mo\u017ce zaoferowa\u0107 nauk\u0119 j\u0119zyka polskiego w Grodzisku Mazowieckim, bardzo szybk\u0105 i efektywn\u0105 metod\u0105 bezpo\u015bredni\u0105. Dzi\u0119ki tej metodzie i podr\u0119cznikom specjalnie opracowanym dla os\u00f3b, kt\u00f3re potrzebuj\u0105 szybkiej nauki j\u0119zyka polskiego, kursanci mog\u0105 dokonywa\u0107 du\u017cych post\u0119p\u00f3w w nauce w stosunkowo nie d\u0142ugim czasie. A jak wiemy &#8222;czas to &hellip; <\/p>\n<p class=\"link-more\"><a href=\"https:\/\/fonetyka.info\/index.php\/niemiecki-angielski-hiszpanski-francuski-wloski-rosyjski-polski\/fonetyka-podreczniki\/polski-dla-cudzoziemcow\/\" class=\"more-link\">Czytaj dalej<span class=\"screen-reader-text\"> Polski dla cudzoziemc\u00f3w<\/span><\/a><\/p>\n","protected":false},"author":1,"featured_media":0,"parent":113,"menu_order":0,"comment_status":"closed","ping_status":"closed","template":"","meta":[],"_links":{"self":[{"href":"https:\/\/fonetyka.info\/index.php\/wp-json\/wp\/v2\/pages\/319"}],"collection":[{"href":"https:\/\/fonetyka.info\/index.php\/wp-json\/wp\/v2\/pages"}],"about":[{"href":"https:\/\/fonetyka.info\/index.php\/wp-json\/wp\/v2\/types\/page"}],"author":[{"embeddable":true,"href":"https:\/\/fonetyka.info\/index.php\/wp-json\/wp\/v2\/users\/1"}],"replies":[{"embeddable":true,"href":"https:\/\/fonetyka.info\/index.php\/wp-json\/wp\/v2\/comments?post=319"}],"version-history":[{"count":5,"href":"https:\/\/fonetyka.info\/index.php\/wp-json\/wp\/v2\/pages\/319\/revisions"}],"predecessor-version":[{"id":326,"href":"https:\/\/fonetyka.info\/index.php\/wp-json\/wp\/v2\/pages\/319\/revisions\/326"}],"up":[{"embeddable":true,"href":"https:\/\/fonetyka.info\/index.php\/wp-json\/wp\/v2\/pages\/113"}],"wp:attachment":[{"href":"https:\/\/fonetyka.info\/index.php\/wp-json\/wp\/v2\/media?parent=319"}],"curies":[{"name":"wp","href":"https:\/\/api.w.org\/{rel}","templated":true}]}}