{"id":608,"date":"2020-10-05T20:48:44","date_gmt":"2020-10-05T18:48:44","guid":{"rendered":"http:\/\/fonetyka.info\/?page_id=608"},"modified":"2020-10-06T16:09:01","modified_gmt":"2020-10-06T14:09:01","slug":"fonetyka-it-helpdesk","status":"publish","type":"page","link":"https:\/\/fonetyka.info\/index.php\/niemiecki-angielski-hiszpanski-francuski-wloski-rosyjski-polski\/fonetyka-it-helpdesk\/","title":{"rendered":"IT Helpdesk"},"content":{"rendered":"\n<p>Fonetyka IT helpdesk to us\u0142uga przeznaczona dla klient\u00f3w, Szko\u0142y J\u0119zyk\u00f3w Obcych Fonetyka, kt\u00f3rzy chc\u0105c korzysta\u0107 z rozwi\u0105za\u0144 nauczania zdalnego lub hybrydowego  lecz nie s\u0105 w stanie samodzielnie skonfigurowa\u0107 i uruchomi\u0107 programu do zdalnego nauczania na swoich komputerach.<\/p>\n\n\n\n<p>Pomoc w rozwi\u0105zaniu problem\u00f3w \u015bwiadczymy od poniedzia\u0142ku do pi\u0105tku w godzinach zaj\u0119\u0107 w Szkole J\u0119zyk\u00f3w Obcych Fonetyka.<\/p>\n\n\n\n<p>Zg\u0142osze\u0144 mog\u0105 dokonywa\u0107 tylko klienci Szko\u0142y J\u0119zyk\u00f3w Obcych Fonetyka.<\/p>\n\n\n\n<p>Aby zg\u0142oszenie zosta\u0142o przyj\u0119te nale\u017cy je przes\u0142a\u0107 za po\u015brednictwem SMS na nr tel. (+48) 502 638 124. Umieszczaj\u0105c w tre\u015bci SMS&#8217;a:  imi\u0119, nazwisko, godzin\u0119 i dzie\u0144 lekcji oraz j\u0119zyk, kt\u00f3rego Pa\u0144stwo si\u0119 ucz\u0105. ( W sprawach pilnych prosimy dzwoni\u0107. )<\/p>\n\n\n\n<p>Nasz konsultant oddzwoni aby wesprze\u0107 Pa\u0144stwa w rozwi\u0105zaniu problemu z dost\u0119pem do naszej platformy nauczania on-line. <\/p>\n\n\n\n<p>Pomoc od naszych ekspert\u00f3w IT mo\u017cna uzyska\u0107 w czasie konsultacji  telefonicznej lub za po\u015brednictwem programu umo\u017cliwiaj\u0105cego zdaln\u0105 pomoc i konfiguracj\u0119 Pa\u0144stwa urz\u0105dze\u0144 przez naszych ekspert\u00f3w. W przypadku drugiego rozwi\u0105zania, nasz konsultant poprosi Pa\u0144stwa o zainstalowanie programu umo\u017cliwiaj\u0105cego konsultantowi po\u0142\u0105czenie z pulpitem Pa\u0144stwa komputera.  Dost\u0119p do pliku instalacyjnego programu mo\u017cna uzyska\u0107 klikaj\u0105c na poni\u017cszy obrazek i podaj\u0105c has\u0142o podane przez naszego konsultanta.<\/p>\n\n\n\n<figure class=\"wp-block-image size-large\"><a href=\"http:\/\/fonetyka.info\/?page_id=612&amp;preview=true\"><img loading=\"lazy\" width=\"714\" height=\"135\" src=\"http:\/\/fonetyka.info\/wp-content\/uploads\/2020\/10\/FONETYKA-IT.jpg\" alt=\"\" class=\"wp-image-609\" srcset=\"https:\/\/fonetyka.info\/wp-content\/uploads\/2020\/10\/FONETYKA-IT.jpg 714w, https:\/\/fonetyka.info\/wp-content\/uploads\/2020\/10\/FONETYKA-IT-300x57.jpg 300w\" sizes=\"(max-width: 714px) 100vw, 714px\" \/><\/a><figcaption>Kliknij ten obrazek aby przej\u015b\u0107 do strony pobierania zabezpieczonej has\u0142em..<\/figcaption><\/figure>\n","protected":false},"excerpt":{"rendered":"<p>Fonetyka IT helpdesk to us\u0142uga przeznaczona dla klient\u00f3w, Szko\u0142y J\u0119zyk\u00f3w Obcych Fonetyka, kt\u00f3rzy chc\u0105c korzysta\u0107 z rozwi\u0105za\u0144 nauczania zdalnego lub hybrydowego lecz nie s\u0105 w stanie samodzielnie skonfigurowa\u0107 i uruchomi\u0107 programu do zdalnego nauczania na swoich komputerach. Pomoc w rozwi\u0105zaniu problem\u00f3w \u015bwiadczymy od poniedzia\u0142ku do pi\u0105tku w godzinach zaj\u0119\u0107 w Szkole J\u0119zyk\u00f3w Obcych Fonetyka. Zg\u0142osze\u0144 &hellip; <\/p>\n<p class=\"link-more\"><a href=\"https:\/\/fonetyka.info\/index.php\/niemiecki-angielski-hiszpanski-francuski-wloski-rosyjski-polski\/fonetyka-it-helpdesk\/\" class=\"more-link\">Czytaj dalej<span class=\"screen-reader-text\"> IT Helpdesk<\/span><\/a><\/p>\n","protected":false},"author":1,"featured_media":0,"parent":2,"menu_order":0,"comment_status":"closed","ping_status":"closed","template":"","meta":[],"_links":{"self":[{"href":"https:\/\/fonetyka.info\/index.php\/wp-json\/wp\/v2\/pages\/608"}],"collection":[{"href":"https:\/\/fonetyka.info\/index.php\/wp-json\/wp\/v2\/pages"}],"about":[{"href":"https:\/\/fonetyka.info\/index.php\/wp-json\/wp\/v2\/types\/page"}],"author":[{"embeddable":true,"href":"https:\/\/fonetyka.info\/index.php\/wp-json\/wp\/v2\/users\/1"}],"replies":[{"embeddable":true,"href":"https:\/\/fonetyka.info\/index.php\/wp-json\/wp\/v2\/comments?post=608"}],"version-history":[{"count":9,"href":"https:\/\/fonetyka.info\/index.php\/wp-json\/wp\/v2\/pages\/608\/revisions"}],"predecessor-version":[{"id":628,"href":"https:\/\/fonetyka.info\/index.php\/wp-json\/wp\/v2\/pages\/608\/revisions\/628"}],"up":[{"embeddable":true,"href":"https:\/\/fonetyka.info\/index.php\/wp-json\/wp\/v2\/pages\/2"}],"wp:attachment":[{"href":"https:\/\/fonetyka.info\/index.php\/wp-json\/wp\/v2\/media?parent=608"}],"curies":[{"name":"wp","href":"https:\/\/api.w.org\/{rel}","templated":true}]}}