{"id":82,"date":"2019-07-30T11:45:08","date_gmt":"2019-07-30T09:45:08","guid":{"rendered":"http:\/\/fonetyka.info\/?page_id=82"},"modified":"2020-06-21T12:44:40","modified_gmt":"2020-06-21T10:44:40","slug":"fonetyka-metoda","status":"publish","type":"page","link":"https:\/\/fonetyka.info\/index.php\/niemiecki-angielski-hiszpanski-francuski-wloski-rosyjski-polski\/fonetyka-metoda\/","title":{"rendered":"Metoda"},"content":{"rendered":"\n<h2>Jeste\u015b ciekawy jak to dzia\u0142a?  <\/h2>\n\n\n\n<p><iframe loading=\"lazy\" src=\"https:\/\/player.vimeo.com\/video\/430617711\" allow=\"autoplay; fullscreen\" allowfullscreen=\"\" width=\"640\" height=\"360\" frameborder=\"0\"><\/iframe><\/p>\n\n\n\n<h2>Naszym sposobem nauczania j\u0119zyk\u00f3w obcych jest po prostu m\u00f3wienie ! <\/h2>\n\n\n\n<p>Nasi s\u0142uchacze maj\u0105 mo\u017cliwo\u015b\u0107 aktywnego udzia\u0142u w zaj\u0119ciach,  odpowiadaj\u0105c na pytania nauczyciela w pe\u0142nej formie, tym samym czas  \u0107wiczenia przez m\u00f3wienie jak i \u0107wiczenia nowych s\u0142\u00f3w i form  gramatycznych zajmuj\u0105 blisko 80% lekcji. <\/p>\n\n\n\n<p>Podstawow\u0105 metod\u0105 nauczania j\u0119zyk\u00f3w obcych w Szkole J\u0119zyk\u00f3w Obcych  Fonetyka, jest Metoda Bezpo\u015bredniej Komunikacji (Direct Communication  Metod), kt\u00f3ra bazuje na naturalnym procesie pos\u0142ugiwania si\u0119 j\u0119zykiem.  Podobne zjawisko wyst\u0119puje w sytuacji samoistnego przyswajania j\u0119zyk\u00f3w  obcych w czasie pobytu za granic\u0105, kiedy to nieustannie jeste\u015bmy  zmuszenie do interakcji z udzia\u0142em komunikacji w nowym j\u0119zyku.<\/p>\n\n\n\n<p>Taki spos\u00f3b nauczania minimalizuje udzia\u0142 j\u0119zyka ojczystego w tym  procesie, co bezpo\u015brednio wp\u0142ywa na powstawanie odruch\u00f3w j\u0119zykowych,  prowadz\u0105cych do my\u015blenia w j\u0119zyku, kt\u00f3rego chcemy si\u0119 nauczy\u0107. Dzi\u0119ki  temu \u0142atwiej jest pos\u0142ugiwa\u0107 si\u0119 nim w praktyce.<\/p>\n\n\n\n<p>Dlatego te\u017c zaj\u0119cia prowadzone w Szkole J\u0119zyk\u00f3w Obcych Fonetyka odbywaj\u0105  si\u0119 prawie w ca\u0142o\u015bci w j\u0119zyku obcym. Gdy\u017c najlepszym sposobem nauki  j\u0119zyka obcego jest m\u00f3wienie nim.<\/p>\n\n\n\n<h2> Metoda g\u0142osi:  <\/h2>\n\n\n\n<p>&#8222;S\u0142ownictwo jest wa\u017cniejsze od gramatyki, a najwa\u017cniejsze jest m\u00f3wienie&#8221;.<\/p>\n\n\n\n<h2>Metody nauczania j\u0119zyk\u00f3w <a href=\"http:\/\/fonetyka.info\/index.php\/niemiecki-angielski-hiszpanski-francuski-wloski-rosyjski-polski\/fonetyka-metoda\/nauka-jezyka-koreanskiego\/\">korea\u0144skiego<\/a> i <a href=\"http:\/\/fonetyka.info\/index.php\/niemiecki-angielski-hiszpanski-francuski-wloski-rosyjski-polski\/fonetyka-podreczniki\/nauka-jezyka-hebrajskiego\/\">hebrajskiego<\/a> s\u0105 opisane na podstronach po\u015bwi\u0119conych tym j\u0119zykom.<\/h2>\n\n\n\n<h2> Zapisz si\u0119 na lekcj\u0119 pr\u00f3bn\u0105! <\/h2>\n\n\n\n<p>Niemiecki, angielski, hiszpa\u0144ski, francuski, w\u0142oski, rosyjski, polski, korea\u0144ski czy hebrajski &#8211; wyb\u00f3r nale\u017cy do Ciebie.<\/p>\n","protected":false},"excerpt":{"rendered":"<p>Jeste\u015b ciekawy jak to dzia\u0142a? Naszym sposobem nauczania j\u0119zyk\u00f3w obcych jest po prostu m\u00f3wienie ! Nasi s\u0142uchacze maj\u0105 mo\u017cliwo\u015b\u0107 aktywnego udzia\u0142u w zaj\u0119ciach, odpowiadaj\u0105c na pytania nauczyciela w pe\u0142nej formie, tym samym czas \u0107wiczenia przez m\u00f3wienie jak i \u0107wiczenia nowych s\u0142\u00f3w i form gramatycznych zajmuj\u0105 blisko 80% lekcji. Podstawow\u0105 metod\u0105 nauczania j\u0119zyk\u00f3w obcych w Szkole &hellip; <\/p>\n<p class=\"link-more\"><a href=\"https:\/\/fonetyka.info\/index.php\/niemiecki-angielski-hiszpanski-francuski-wloski-rosyjski-polski\/fonetyka-metoda\/\" class=\"more-link\">Czytaj dalej<span class=\"screen-reader-text\"> Metoda<\/span><\/a><\/p>\n","protected":false},"author":1,"featured_media":0,"parent":2,"menu_order":0,"comment_status":"closed","ping_status":"closed","template":"","meta":[],"_links":{"self":[{"href":"https:\/\/fonetyka.info\/index.php\/wp-json\/wp\/v2\/pages\/82"}],"collection":[{"href":"https:\/\/fonetyka.info\/index.php\/wp-json\/wp\/v2\/pages"}],"about":[{"href":"https:\/\/fonetyka.info\/index.php\/wp-json\/wp\/v2\/types\/page"}],"author":[{"embeddable":true,"href":"https:\/\/fonetyka.info\/index.php\/wp-json\/wp\/v2\/users\/1"}],"replies":[{"embeddable":true,"href":"https:\/\/fonetyka.info\/index.php\/wp-json\/wp\/v2\/comments?post=82"}],"version-history":[{"count":16,"href":"https:\/\/fonetyka.info\/index.php\/wp-json\/wp\/v2\/pages\/82\/revisions"}],"predecessor-version":[{"id":462,"href":"https:\/\/fonetyka.info\/index.php\/wp-json\/wp\/v2\/pages\/82\/revisions\/462"}],"up":[{"embeddable":true,"href":"https:\/\/fonetyka.info\/index.php\/wp-json\/wp\/v2\/pages\/2"}],"wp:attachment":[{"href":"https:\/\/fonetyka.info\/index.php\/wp-json\/wp\/v2\/media?parent=82"}],"curies":[{"name":"wp","href":"https:\/\/api.w.org\/{rel}","templated":true}]}}